{"id":22,"date":"2024-07-01T15:55:58","date_gmt":"2024-07-01T15:55:58","guid":{"rendered":"https:\/\/devsite.christianinternational.com\/es\/?page_id=22"},"modified":"2025-12-19T18:32:47","modified_gmt":"2025-12-19T18:32:47","slug":"home","status":"publish","type":"page","link":"https:\/\/christianinternational.com\/es\/","title":{"rendered":"Inicio"},"content":{"rendered":"<p>[et_pb_section fb_built=\u00bb1&#8243; custom_padding_last_edited=\u00bbon|tablet\u00bb _builder_version=\u00bb4.25.2&#8243; background_color=\u00bb#FFFFFF\u00bb custom_padding=\u00bb42px||51px|||\u00bb custom_padding_tablet=\u00bb0px||80px||false|false\u00bb custom_padding_phone=\u00bb0px||60px||false|false\u00bb top_divider_style=\u00bbasymmetric2&#8243; top_divider_color=\u00bb#1640B8&#8243; animation_direction=\u00bbbottom\u00bb da_disable_devices=\u00bboff|off|off\u00bb global_colors_info=\u00bb{}\u00bb da_is_popup=\u00bboff\u00bb da_exit_intent=\u00bboff\u00bb da_has_close=\u00bbon\u00bb da_alt_close=\u00bboff\u00bb da_dark_close=\u00bboff\u00bb da_not_modal=\u00bbon\u00bb da_is_singular=\u00bboff\u00bb da_with_loader=\u00bboff\u00bb da_has_shadow=\u00bbon\u00bb][et_pb_row _builder_version=\u00bb4.24.3&#8243; _module_preset=\u00bbdefault\u00bb global_colors_info=\u00bb{}\u00bb][et_pb_column type=\u00bb4_4&#8243; _builder_version=\u00bb4.24.3&#8243; _module_preset=\u00bbdefault\u00bb global_colors_info=\u00bb{}\u00bb][et_pb_text _builder_version=\u00bb4.25.2&#8243; _module_preset=\u00bbdefault\u00bb header_font=\u00bbPoppins|800|on||||||\u00bb header_text_align=\u00bbcenter\u00bb header_text_color=\u00bb#1640B8&#8243; custom_margin=\u00bb57px||58px|||\u00bb custom_margin_tablet=\u00bb100vh||||false|false\u00bb custom_margin_phone=\u00bb100vh||||false|false\u00bb custom_margin_last_edited=\u00bbon|phone\u00bb global_colors_info=\u00bb%91%93&#8243;]<\/p>\n<h1>Qui\u00e9nes Somos<\/h1>\n<p>[\/et_pb_text][\/et_pb_column][\/et_pb_row][et_pb_row column_structure=\u00bb1_3,1_3,1_3&#8243; make_equal=\u00bbon\u00bb _builder_version=\u00bb4.25.1&#8243; background_enable_color=\u00bboff\u00bb width_tablet=\u00bb90%\u00bb width_phone=\u00bb\u00bb width_last_edited=\u00bbon|phone\u00bb max_width=\u00bb1400px\u00bb module_alignment=\u00bbcenter\u00bb custom_padding=\u00bb30px||||false|false\u00bb global_colors_info=\u00bb{}\u00bb][et_pb_column type=\u00bb1_3&#8243; _builder_version=\u00bb4.16&#8243; global_colors_info=\u00bb{}\u00bb][dipi_flip_box front_title=\u00bbEntrenamiento Prof\u00e9tico y Apost\u00f3lico\u00bb front_image=\u00bbhttps:\/\/christianinternational.com\/es\/wp-content\/uploads\/sites\/3\/2024\/07\/flamew.png\u00bb front_image_width=\u00bb120px\u00bb front_content=\u00bb<\/p>\n<p>Central en la misi\u00f3n de Christian International est\u00e1 el fomento y establecimiento de ap\u00f3stoles y profetas.<\/p>\n<p>\u00bb use_front_button=\u00bbon\u00bb front_button_text=\u00bb \u00bb back_image_width=\u00bb120px\u00bb back_content=\u00bbEste entrenamiento equipa a l\u00edderes espirituales que gu\u00edan e influyen tanto en comunidades religiosas como seculares, apoyando nuestro objetivo general de prepararnos para el regreso de Cristo.\u00bb flip_box_height=\u00bb315px\u00bb flip_box_animation=\u00bbflip_horizontally_rtl\u00bb front_side_bg_color=\u00bb#1640B8&#8243; back_side_bg_color=\u00bb#1640B8&#8243; front_side_bg_use_color_gradient=\u00bbon\u00bb front_side_bg_color_gradient_direction=\u00bb145deg\u00bb front_side_bg_color_gradient_stops=\u00bb#1640b8 14%|#cc5a0e 100%\u00bb front_side_bg_enable_image=\u00bboff\u00bb back_side_bg_image=\u00bbhttps:\/\/christianinternational.com\/wp-content\/uploads\/2024\/04\/flamel.png\u00bb back_side_bg_blend=\u00bbsoft-light\u00bb flip_box_height_tablet=\u00bb270px\u00bb flip_box_height_phone=\u00bb270px\u00bb flip_box_height_last_edited=\u00bbon|phone\u00bb _builder_version=\u00bb4.25.2&#8243; _module_preset=\u00bbf3de15be-a5c5-4f52-b5ee-0ae7406671de\u00bb front_title_font=\u00bbPoppins|800|||||||\u00bb front_title_text_color=\u00bb#FFFFFF\u00bb front_title_font_size=\u00bb18px\u00bb front_desc_font=\u00bbRoboto Flex|300|||||||\u00bb front_desc_text_color=\u00bbrgba(255,255,255,0.8)\u00bb front_desc_font_size=\u00bb18px\u00bb back_title_text_color=\u00bb#FFFFFF\u00bb back_title_font_size=\u00bb20px\u00bb back_desc_font=\u00bbRoboto Flex|300|||||||\u00bb back_desc_text_color=\u00bb#FFFFFF\u00bb back_desc_font_size=\u00bb18px\u00bb custom_front_button=\u00bbon\u00bb front_button_text_size=\u00bb16px\u00bb front_button_text_color=\u00bb#CD9830&#8243; front_button_bg_color=\u00bb#FFFFFF\u00bb front_button_border_width=\u00bb0px\u00bb front_button_border_color=\u00bb#ff4200&#8243; front_button_icon=\u00bb&#xf101;||fa||900&#8243; front_button_icon_color=\u00bb#1640B8&#8243; front_button_icon_placement=\u00bbleft\u00bb front_button_on_hover=\u00bboff\u00bb front_button_custom_margin=\u00bb||||false|false\u00bb front_button_custom_padding=\u00bb8px|10px|34px|35px|false|false\u00bb custom_back_button=\u00bbon\u00bb back_button_text_size=\u00bb15px\u00bb back_button_text_color=\u00bb#ff4200&#8243; back_button_bg_color=\u00bbrgba(0,0,0,0)\u00bb back_button_border_width=\u00bb1px\u00bb back_button_border_color=\u00bb#ff4200&#8243; back_button_icon=\u00bb%%3%%\u00bb custom_margin=\u00bb||||false|false\u00bb custom_margin_tablet=\u00bb||||false|false\u00bb custom_margin_phone=\u00bb||||false|false\u00bb custom_margin_last_edited=\u00bbon|tablet\u00bb custom_padding=\u00bb0px|40px||40px|false|false\u00bb front_desc_font_size_tablet=\u00bb15px\u00bb front_desc_font_size_phone=\u00bb13px\u00bb front_desc_font_size_last_edited=\u00bbon|phone\u00bb custom_css_front_image_icon=\u00bbmargin-top: -30px !important;||margin-bottom: 10px !important;\u00bb custom_css_back_button=\u00bbfont-size: 15px !important;\u00bb border_radii_front_image=\u00bbon|100px|100px|100px|100px\u00bb border_radii_back_image=\u00bbon|100px|100px|100px|100px\u00bb box_shadow_style=\u00bbpreset3&#8243; box_shadow_style_front_image=\u00bbpreset1&#8243; box_shadow_style_front_button=\u00bbpreset3&#8243; global_colors_info=\u00bb%91%93&#8243; back_button_text_size__hover=\u00bb15px\u00bb back_button_text_size__hover_enabled=\u00bbon|hover\u00bb back_button_text_color__hover=\u00bb#ffffff\u00bb back_button_text_color__hover_enabled=\u00bbon|hover\u00bb back_button_bg_color__hover=\u00bb#ff4200&#8243; back_button_bg_color__hover_enabled=\u00bbon|hover\u00bb back_button_border_color__hover=\u00bb#ff4200&#8243; back_button_border_color__hover_enabled=\u00bbon|desktop\u00bb overlay_bg_color_gradient_type_tablet=\u00bblinear\u00bb overlay_bg_color_gradient_type_phone=\u00bblinear\u00bb overlay_bg_color_gradient_type__hover=\u00bblinear\u00bb image_bg_color_gradient_type__hover=\u00bblinear\u00bb][\/dipi_flip_box][\/et_pb_column][et_pb_column type=\u00bb1_3&#8243; _builder_version=\u00bb4.16&#8243; global_colors_info=\u00bb{}\u00bb][dipi_flip_box front_title=\u00bbRed de Ministerios\u00bb front_image=\u00bbhttps:\/\/christianinternational.com\/es\/wp-content\/uploads\/sites\/3\/2024\/07\/circlenetw.png\u00bb front_image_width=\u00bb120px\u00bb front_content=\u00bb<\/p>\n<p>CI fomenta una red de ministerios donde los ministros pueden conectarse y apoyarse mutuamente.<\/p>\n<p>\u00bb use_front_button=\u00bbon\u00bb front_button_text=\u00bb \u00bb back_image_width=\u00bb120px\u00bb back_content=\u00bb<\/p>\n<p>Esta red sirve como una plataforma crucial para compartir recursos, conocimientos y est\u00edmulo, mejorando la capacidad colectiva para influir y transformar comunidades seg\u00fan la visi\u00f3n de Dios.<\/p>\n<p>\u00bb flip_box_height=\u00bb315px\u00bb flip_box_animation=\u00bbflip_horizontally_rtl\u00bb front_side_bg_color=\u00bb#1640B8&#8243; back_side_bg_color=\u00bb#1640B8&#8243; front_side_bg_use_color_gradient=\u00bbon\u00bb front_side_bg_color_gradient_direction=\u00bb145deg\u00bb front_side_bg_color_gradient_stops=\u00bb#1640b8 14%|#cc5a0e 100%\u00bb front_side_bg_enable_image=\u00bboff\u00bb back_side_bg_image=\u00bbhttps:\/\/christianinternational.com\/es\/wp-content\/uploads\/sites\/3\/2024\/07\/circlenelw.png\u00bb back_side_bg_blend=\u00bbsoft-light\u00bb flip_box_height_tablet=\u00bb270px\u00bb flip_box_height_phone=\u00bb270px\u00bb flip_box_height_last_edited=\u00bbon|phone\u00bb _builder_version=\u00bb4.25.2&#8243; _module_preset=\u00bbf3de15be-a5c5-4f52-b5ee-0ae7406671de\u00bb front_title_font=\u00bbPoppins|800|||||||\u00bb front_title_text_color=\u00bb#FFFFFF\u00bb front_title_font_size=\u00bb18px\u00bb front_desc_font=\u00bbRoboto Flex|300|||||||\u00bb front_desc_text_color=\u00bbrgba(255,255,255,0.8)\u00bb front_desc_font_size=\u00bb18px\u00bb back_title_text_color=\u00bb#FFFFFF\u00bb back_title_font_size=\u00bb20px\u00bb back_desc_font=\u00bbRoboto Flex|300|||||||\u00bb back_desc_text_color=\u00bb#FFFFFF\u00bb back_desc_font_size=\u00bb18px\u00bb custom_front_button=\u00bbon\u00bb front_button_text_size=\u00bb16px\u00bb front_button_text_color=\u00bb#1640B8&#8243; front_button_bg_color=\u00bb#FFFFFF\u00bb front_button_border_width=\u00bb0px\u00bb front_button_border_color=\u00bb#ff4200&#8243; front_button_icon=\u00bb&#xf101;||fa||900&#8243; front_button_icon_color=\u00bb#1640B8&#8243; front_button_icon_placement=\u00bbleft\u00bb front_button_on_hover=\u00bboff\u00bb front_button_custom_margin=\u00bb||||false|false\u00bb front_button_custom_padding=\u00bb8px|10px|34px|35px|false|false\u00bb custom_back_button=\u00bbon\u00bb back_button_text_size=\u00bb15px\u00bb back_button_text_color=\u00bb#ff4200&#8243; back_button_bg_color=\u00bbrgba(0,0,0,0)\u00bb back_button_border_width=\u00bb1px\u00bb back_button_border_color=\u00bb#ff4200&#8243; back_button_icon=\u00bb%%3%%\u00bb custom_margin=\u00bb||||false|false\u00bb custom_margin_tablet=\u00bb||||false|false\u00bb custom_margin_phone=\u00bb||||false|false\u00bb custom_margin_last_edited=\u00bbon|tablet\u00bb custom_padding=\u00bb0px|40px||40px|false|false\u00bb front_desc_font_size_tablet=\u00bb15px\u00bb front_desc_font_size_phone=\u00bb13px\u00bb front_desc_font_size_last_edited=\u00bbon|phone\u00bb custom_css_front_image_icon=\u00bbmargin-top: -30px !important;||margin-bottom: 10px !important;\u00bb custom_css_back_button=\u00bbfont-size: 15px !important;\u00bb border_radii_front_image=\u00bbon|100px|100px|100px|100px\u00bb border_radii_back_image=\u00bbon|100px|100px|100px|100px\u00bb box_shadow_style=\u00bbpreset3&#8243; box_shadow_style_front_image=\u00bbpreset1&#8243; box_shadow_style_front_button=\u00bbpreset3&#8243; global_colors_info=\u00bb%91%93&#8243; back_button_text_size__hover=\u00bb15px\u00bb back_button_text_size__hover_enabled=\u00bbon|hover\u00bb back_button_text_color__hover=\u00bb#ffffff\u00bb back_button_text_color__hover_enabled=\u00bbon|hover\u00bb back_button_bg_color__hover=\u00bb#ff4200&#8243; back_button_bg_color__hover_enabled=\u00bbon|hover\u00bb back_button_border_color__hover=\u00bb#ff4200&#8243; back_button_border_color__hover_enabled=\u00bbon|desktop\u00bb overlay_bg_color_gradient_type_tablet=\u00bblinear\u00bb overlay_bg_color_gradient_type_phone=\u00bblinear\u00bb overlay_bg_color_gradient_type__hover=\u00bblinear\u00bb image_bg_color_gradient_type__hover=\u00bblinear\u00bb custom_css_front_card_container_tablet=\u00bbmargin-top: 40px;\u00bb custom_css_front_card_container_phone=\u00bbmargin-top: 50px;\u00bb custom_css_front_card_container_last_edited=\u00bbon|tablet\u00bb][\/dipi_flip_box][\/et_pb_column][et_pb_column type=\u00bb1_3&#8243; _builder_version=\u00bb4.16&#8243; global_colors_info=\u00bb{}\u00bb][dipi_flip_box front_title=\u00bbEntrenamiento Prof\u00e9tico y Apost\u00f3lico\u00bb front_image=\u00bbhttps:\/\/christianinternational.com\/es\/wp-content\/uploads\/sites\/3\/2024\/07\/ciglobew.png\u00bb front_image_width=\u00bb120px\u00bb front_content=\u00bb<\/p>\n<p>CI extiende su influencia a trav\u00e9s de iniciativas de alcance tanto locales como internacionales, que ahora incluyen prominentemente plataformas digitales.<\/p>\n<p>\u00bb use_front_button=\u00bbon\u00bb front_button_text=\u00bb \u00bb back_image_width=\u00bb120px\u00bb back_content=\u00bb<\/p>\n<p>Nuestros esfuerzos no son solo f\u00edsicos sino tambi\u00e9n digitales, alcanzando una audiencia global a trav\u00e9s de nuestro sitio web, canales de redes sociales y particularmente a trav\u00e9s del contenido de YouTube y la transmisi\u00f3n en vivo de nuestros eventos. Este enfoque asegura que el Evangelio y nuestras ense\u00f1anzas resuenen en diversas poblaciones y geograf\u00edas.<\/p>\n<p>\u00bb flip_box_height=\u00bb315px\u00bb flip_box_animation=\u00bbflip_horizontally_rtl\u00bb front_side_bg_color=\u00bb#1640B8&#8243; back_side_bg_color=\u00bb#1640B8&#8243; front_side_bg_use_color_gradient=\u00bbon\u00bb front_side_bg_color_gradient_direction=\u00bb145deg\u00bb front_side_bg_color_gradient_stops=\u00bb#1640b8 14%|#cc5a0e 100%\u00bb front_side_bg_enable_image=\u00bboff\u00bb back_side_bg_image=\u00bbhttps:\/\/christianinternational.com\/wp-content\/uploads\/2024\/04\/flamel.png\u00bb back_side_bg_blend=\u00bbsoft-light\u00bb flip_box_height_tablet=\u00bb270px\u00bb flip_box_height_phone=\u00bb270px\u00bb flip_box_height_last_edited=\u00bbon|phone\u00bb _builder_version=\u00bb4.25.2&#8243; _module_preset=\u00bbf3de15be-a5c5-4f52-b5ee-0ae7406671de\u00bb front_title_font=\u00bbPoppins|800|||||||\u00bb front_title_text_color=\u00bb#FFFFFF\u00bb front_title_font_size=\u00bb18px\u00bb front_desc_font=\u00bbRoboto Flex|300|||||||\u00bb front_desc_text_color=\u00bbrgba(255,255,255,0.8)\u00bb front_desc_font_size=\u00bb18px\u00bb back_title_text_color=\u00bb#FFFFFF\u00bb back_title_font_size=\u00bb20px\u00bb back_desc_font=\u00bbRoboto Flex|300|||||||\u00bb back_desc_text_color=\u00bb#FFFFFF\u00bb back_desc_font_size=\u00bb18px\u00bb custom_front_button=\u00bbon\u00bb front_button_text_size=\u00bb16px\u00bb front_button_text_color=\u00bb#1640B8&#8243; front_button_bg_color=\u00bb#FFFFFF\u00bb front_button_border_width=\u00bb0px\u00bb front_button_border_color=\u00bb#ff4200&#8243; front_button_icon=\u00bb&#xf101;||fa||900&#8243; front_button_icon_color=\u00bb#1640B8&#8243; front_button_icon_placement=\u00bbleft\u00bb front_button_on_hover=\u00bboff\u00bb front_button_custom_margin=\u00bb||||false|false\u00bb front_button_custom_padding=\u00bb8px|10px|34px|35px|false|false\u00bb custom_back_button=\u00bbon\u00bb back_button_text_size=\u00bb15px\u00bb back_button_text_color=\u00bb#ff4200&#8243; back_button_bg_color=\u00bbrgba(0,0,0,0)\u00bb back_button_border_width=\u00bb1px\u00bb back_button_border_color=\u00bb#ff4200&#8243; back_button_icon=\u00bb%%3%%\u00bb custom_margin=\u00bb||||false|false\u00bb custom_margin_tablet=\u00bb||||false|false\u00bb custom_margin_phone=\u00bb||||false|false\u00bb custom_margin_last_edited=\u00bbon|tablet\u00bb custom_padding=\u00bb0px|40px||40px|false|false\u00bb front_desc_font_size_tablet=\u00bb15px\u00bb front_desc_font_size_phone=\u00bb13px\u00bb front_desc_font_size_last_edited=\u00bbon|phone\u00bb custom_css_front_image_icon=\u00bbmargin-top: -30px !important;||margin-bottom: 10px !important;\u00bb custom_css_back_button=\u00bbfont-size: 15px !important;\u00bb border_radii_front_image=\u00bbon|100px|100px|100px|100px\u00bb border_radii_back_image=\u00bbon|100px|100px|100px|100px\u00bb box_shadow_style=\u00bbpreset3&#8243; box_shadow_style_front_image=\u00bbpreset1&#8243; box_shadow_style_front_button=\u00bbpreset3&#8243; global_colors_info=\u00bb%91%93&#8243; back_button_text_size__hover=\u00bb15px\u00bb back_button_text_size__hover_enabled=\u00bbon|hover\u00bb back_button_text_color__hover=\u00bb#ffffff\u00bb back_button_text_color__hover_enabled=\u00bbon|hover\u00bb back_button_bg_color__hover=\u00bb#ff4200&#8243; back_button_bg_color__hover_enabled=\u00bbon|hover\u00bb back_button_border_color__hover=\u00bb#ff4200&#8243; back_button_border_color__hover_enabled=\u00bbon|desktop\u00bb overlay_bg_color_gradient_type_tablet=\u00bblinear\u00bb overlay_bg_color_gradient_type_phone=\u00bblinear\u00bb overlay_bg_color_gradient_type__hover=\u00bblinear\u00bb image_bg_color_gradient_type__hover=\u00bblinear\u00bb custom_css_front_card_container_last_edited=\u00bbon|tablet\u00bb custom_css_front_card_container_tablet=\u00bbmargin-top: 40px;\u00bb custom_css_front_card_container_phone=\u00bbmargin-top: 50px;\u00bb][\/dipi_flip_box][\/et_pb_column][\/et_pb_row][et_pb_row _builder_version=\u00bb4.24.3&#8243; _module_preset=\u00bbdefault\u00bb custom_margin=\u00bb80px|auto||auto||\u00bb global_colors_info=\u00bb{}\u00bb][et_pb_column type=\u00bb4_4&#8243; _builder_version=\u00bb4.24.3&#8243; _module_preset=\u00bbdefault\u00bb global_colors_info=\u00bb{}\u00bb][et_pb_text _builder_version=\u00bb4.25.2&#8243; _module_preset=\u00bbdefault\u00bb text_line_height=\u00bb1.8em\u00bb header_text_align=\u00bbleft\u00bb header_2_font=\u00bbPoppins|700|||||||\u00bb header_2_text_align=\u00bbcenter\u00bb header_2_font_size=\u00bb43px\u00bb header_2_line_height=\u00bb1.6em\u00bb text_orientation=\u00bbcenter\u00bb custom_margin=\u00bb6px|||||\u00bb global_colors_info=\u00bb%91%93&#8243;]<\/p>\n<h2>Formando L\u00edderes, Influenciando Culturas<\/h2>\n<p>En CI, estamos comprometidos no solo con entrenar l\u00edderes dentro de la iglesia, sino tambi\u00e9n en todas las \u00e1reas de la vida. Operamos una din\u00e1mica Red de Ministerios que permite a los ministros conectarse y apoyarse unos a otros, promoviendo el crecimiento espiritual y el impacto colaborativo. Nuestro alcance se extiende m\u00e1s all\u00e1 de las interacciones f\u00edsicas a una presencia online comprensiva, utilizando nuestro sitio web, redes sociales y transmisiones en vivo para involucrar y expandir nuestra comunidad globalmente.<\/p>\n<p>A medida que continuamos adapt\u00e1ndonos y siguiendo las revelaciones de Dios, nuestro objetivo permanece claro: preparar l\u00edderes, equipar santos e influenciar culturas en todo el mundo, fomentando una transformaci\u00f3n global en anticipaci\u00f3n de la venida de nuestro Se\u00f1or.[\/et_pb_text][\/et_pb_column][\/et_pb_row][\/et_pb_section][et_pb_section fb_built=\u00bb1&#8243; prev_background_color=\u00bb#FFFFFF\u00bb _builder_version=\u00bb4.27.4&#8243; _module_preset=\u00bbdefault\u00bb use_background_color_gradient=\u00bbon\u00bb background_color_gradient_direction=\u00bb141deg\u00bb background_color_gradient_stops=\u00bb#f2f2f2 1%|#ffffff 100%\u00bb background_enable_mask_style=\u00bbon\u00bb background_mask_style=\u00bbtriangles\u00bb background_mask_color=\u00bb#FFFFFF\u00bb top_divider_style=\u00bbwave\u00bb bottom_divider_color=\u00bb#1640B8&#8243; hover_enabled=\u00bb0&#8243; da_disable_devices=\u00bboff|off|off\u00bb global_colors_info=\u00bb{}\u00bb disabled_on=\u00bbon|on|on\u00bb disabled=\u00bbon\u00bb sticky_enabled=\u00bb0&#8243; da_is_popup=\u00bboff\u00bb da_exit_intent=\u00bboff\u00bb da_has_close=\u00bbon\u00bb da_alt_close=\u00bboff\u00bb da_dark_close=\u00bboff\u00bb da_not_modal=\u00bbon\u00bb da_is_singular=\u00bboff\u00bb da_with_loader=\u00bboff\u00bb da_has_shadow=\u00bbon\u00bb][et_pb_row _builder_version=\u00bb4.25.2&#8243; _module_preset=\u00bbdefault\u00bb global_colors_info=\u00bb{}\u00bb][et_pb_column type=\u00bb4_4&#8243; _builder_version=\u00bb4.25.2&#8243; _module_preset=\u00bbdefault\u00bb global_colors_info=\u00bb{}\u00bb][et_pb_text _builder_version=\u00bb4.25.2&#8243; _module_preset=\u00bbdefault\u00bb header_2_font=\u00bbPoppins|700|||||||\u00bb header_2_text_align=\u00bbcenter\u00bb header_2_text_color=\u00bb#FFFFFF\u00bb header_2_font_size=\u00bb31px\u00bb background_color=\u00bb#1640B8&#8243; max_width=\u00bb80%\u00bb max_width_tablet=\u00bb100%\u00bb max_width_phone=\u00bb100%\u00bb max_width_last_edited=\u00bbon|tablet\u00bb module_alignment=\u00bbcenter\u00bb custom_margin=\u00bb110px||54px||false|false\u00bb custom_padding=\u00bb4px||||false|false\u00bb header_2_font_size_tablet=\u00bb23px\u00bb header_2_font_size_phone=\u00bb18px\u00bb header_2_font_size_last_edited=\u00bbon|phone\u00bb border_radii=\u00bbon|154px|154px|154px|154px\u00bb border_radii_tablet=\u00bbon|10px|10px|10px|10px\u00bb border_radii_phone=\u00bbon|10px|10px|10px|10px\u00bb border_radii_last_edited=\u00bbon|phone\u00bb box_shadow_style=\u00bbpreset3&#8243; global_colors_info=\u00bb%91%93&#8243;]<\/p>\n<h2>Con\u00e9ctate, Equ\u00edpate y Crece \u2013 Pr\u00f3ximos Eventos<\/h2>\n<p>[\/et_pb_text][et_pb_text _builder_version=\u00bb4.25.2&#8243; _module_preset=\u00bbdefault\u00bb header_3_font=\u00bbPoppins|700|||||||\u00bb header_3_text_align=\u00bbcenter\u00bb header_3_font_size=\u00bb20px\u00bb custom_margin=\u00bb||90px|||\u00bb custom_css_free_form=\u00bb.et_pb_text_3.et_pb_text h3.cimn-event-title a {||  color: #cd9830 !important;||}||||\u00bb global_colors_info=\u00bb%91%93&#8243;]<\/p>\n<div class=\"cimn-events-cards-container\">            <div class=\"cimn-event-card\">\n                <a href=\"https:\/\/christianinternational.regfox.com\/asi-dice-el-seor-2025\" class=\"cimn-event-image-link\" target=\"_self\">\n                    <img decoding=\"async\" class=\"cimn-event-image\" src=\"https:\/\/christianinternational.com\/es\/wp-content\/uploads\/sites\/3\/2024\/12\/eventthumbses.png\" alt=\"As\u00ed\u00a0Dice\u00a0el\u00a0Se\u00f1or\u00a02025\">\n                <\/a>\n                <div class=\"cimn-event-card-content\">\n                    <h3 class=\"cimn-event-title\">\n                        <a href=\"https:\/\/christianinternational.regfox.com\/asi-dice-el-seor-2025\" target=\"_self\">As\u00ed\u00a0Dice\u00a0el\u00a0Se\u00f1or\u00a02025<\/a>\n                    <\/h3>\n                    <p class=\"cimn-event-date\">\n                        Fecha: \n                        enero 16, 2025 - enero 18, 2025                    <\/p>\n                    <p class=\"cimn-event-venue\">\n                        Tipo de Evento: \n                        Virtual En L\u00ednea                    <\/p>\n                    <div class=\"cimn-event-description-cards\">Desde 1988, Christian International comparte la Palabra del Se\u00f1or para todo el a\u00f1o. \u00danase a nosotros para el evento &quot;Asi Dice el Se\u00f1or 2025&quot;. Dios est...<\/div>\n                    <a href=\"https:\/\/christianinternational.regfox.com\/asi-dice-el-seor-2025\" class=\"cimn-event-more-info\" target=\"_self\">\n                        M\u00e1s Informaci\u00f3n                    <\/a>\n                <\/div>\n            <\/div>\n                        <div class=\"cimn-event-card\">\n                <a href=\"https:\/\/christianinternational.regfox.com\/2025-wc-spanish\" class=\"cimn-event-image-link\" target=\"_self\">\n                    <img decoding=\"async\" class=\"cimn-event-image\" src=\"https:\/\/christianinternational.com\/es\/wp-content\/uploads\/sites\/3\/2025\/06\/espSocial-Square.jpg\" alt=\"INTERCESORES 2025\">\n                <\/a>\n                <div class=\"cimn-event-card-content\">\n                    <h3 class=\"cimn-event-title\">\n                        <a href=\"https:\/\/christianinternational.regfox.com\/2025-wc-spanish\" target=\"_self\">INTERCESORES 2025<\/a>\n                    <\/h3>\n                    <p class=\"cimn-event-date\">\n                        Fecha: \n                        julio 24, 2025 - julio 26, 2025                    <\/p>\n                    <p class=\"cimn-event-venue\">\n                        Tipo de Evento: \n                        Virtual En L\u00ednea                    <\/p>\n                    <div class=\"cimn-event-description-cards\">Vive un encuentro que transformar\u00e1 tu vida, donde creyentes de todo el mundo se unen para encontrarse con Dios, profundizar en la oraci\u00f3n y transforma...<\/div>\n                    <a href=\"https:\/\/christianinternational.regfox.com\/2025-wc-spanish\" class=\"cimn-event-more-info\" target=\"_self\">\n                        M\u00e1s Informaci\u00f3n                    <\/a>\n                <\/div>\n            <\/div>\n            <\/div>\n<p>[\/et_pb_text][\/et_pb_column][\/et_pb_row][\/et_pb_section]<\/p>\n","protected":false},"excerpt":{"rendered":"<p>[et_pb_section fb_built=\u00bb1&#8243; custom_padding_last_edited=\u00bbon|tablet\u00bb _builder_version=\u00bb4.25.2&#8243; background_color=\u00bb#FFFFFF\u00bb custom_padding=\u00bb42px||51px|||\u00bb custom_padding_tablet=\u00bb0px||80px||false|false\u00bb custom_padding_phone=\u00bb0px||60px||false|false\u00bb top_divider_style=\u00bbasymmetric2&#8243; top_divider_color=\u00bb#1640B8&#8243; animation_direction=\u00bbbottom\u00bb da_disable_devices=\u00bboff|off|off\u00bb global_colors_info=\u00bb{}\u00bb da_is_popup=\u00bboff\u00bb da_exit_intent=\u00bboff\u00bb da_has_close=\u00bbon\u00bb da_alt_close=\u00bboff\u00bb da_dark_close=\u00bboff\u00bb da_not_modal=\u00bbon\u00bb da_is_singular=\u00bboff\u00bb da_with_loader=\u00bboff\u00bb da_has_shadow=\u00bbon\u00bb][et_pb_row _builder_version=\u00bb4.24.3&#8243; _module_preset=\u00bbdefault\u00bb global_colors_info=\u00bb{}\u00bb][et_pb_column type=\u00bb4_4&#8243; _builder_version=\u00bb4.24.3&#8243; _module_preset=\u00bbdefault\u00bb global_colors_info=\u00bb{}\u00bb][et_pb_text _builder_version=\u00bb4.25.2&#8243; [&hellip;]<\/p>\n","protected":false},"author":1,"featured_media":0,"parent":0,"menu_order":0,"comment_status":"closed","ping_status":"closed","template":"","meta":{"_acf_changed":false,"_et_pb_use_builder":"on","_et_pb_old_content":"","_et_gb_content_width":"","_monsterinsights_skip_tracking":false,"_monsterinsights_sitenote_active":false,"_monsterinsights_sitenote_note":"","_monsterinsights_sitenote_category":0,"footnotes":""},"dipi_cpt_category":[],"class_list":["post-22","page","type-page","status-publish","hentry"],"acf":[],"aioseo_notices":[],"_links":{"self":[{"href":"https:\/\/christianinternational.com\/es\/wp-json\/wp\/v2\/pages\/22","targetHints":{"allow":["GET"]}}],"collection":[{"href":"https:\/\/christianinternational.com\/es\/wp-json\/wp\/v2\/pages"}],"about":[{"href":"https:\/\/christianinternational.com\/es\/wp-json\/wp\/v2\/types\/page"}],"author":[{"embeddable":true,"href":"https:\/\/christianinternational.com\/es\/wp-json\/wp\/v2\/users\/1"}],"replies":[{"embeddable":true,"href":"https:\/\/christianinternational.com\/es\/wp-json\/wp\/v2\/comments?post=22"}],"version-history":[{"count":9,"href":"https:\/\/christianinternational.com\/es\/wp-json\/wp\/v2\/pages\/22\/revisions"}],"predecessor-version":[{"id":25952581,"href":"https:\/\/christianinternational.com\/es\/wp-json\/wp\/v2\/pages\/22\/revisions\/25952581"}],"wp:attachment":[{"href":"https:\/\/christianinternational.com\/es\/wp-json\/wp\/v2\/media?parent=22"}],"wp:term":[{"taxonomy":"dipi_cpt_category","embeddable":true,"href":"https:\/\/christianinternational.com\/es\/wp-json\/wp\/v2\/dipi_cpt_category?post=22"}],"curies":[{"name":"wp","href":"https:\/\/api.w.org\/{rel}","templated":true}]}}