{"id":25814050,"date":"2024-07-01T16:46:27","date_gmt":"2024-07-01T16:46:27","guid":{"rendered":"https:\/\/devsite.christianinternational.com\/es\/?page_id=25814050"},"modified":"2024-07-01T17:08:27","modified_gmt":"2024-07-01T17:08:27","slug":"donate","status":"publish","type":"page","link":"https:\/\/christianinternational.com\/es\/donate\/","title":{"rendered":"Donate"},"content":{"rendered":"<p>[et_pb_section fb_built=\u00bb1&#8243; _builder_version=\u00bb4.25.1&#8243; _module_preset=\u00bbdefault\u00bb background_color=\u00bbrgba(245,245,245,0.96)\u00bb background_image=\u00bbhttps:\/\/christianinternational.com\/es\/wp-content\/uploads\/sites\/3\/2024\/07\/CI_Symbol_Final_Darkgray.png\u00bb background_position=\u00bbcenter_left\u00bb background_blend=\u00bbscreen\u00bb global_colors_info=\u00bb{}\u00bb theme_builder_area=\u00bbpost_content\u00bb][et_pb_row _builder_version=\u00bb4.25.1&#8243; _module_preset=\u00bbdefault\u00bb global_colors_info=\u00bb{}\u00bb theme_builder_area=\u00bbpost_content\u00bb][et_pb_column type=\u00bb4_4&#8243; _builder_version=\u00bb4.25.1&#8243; _module_preset=\u00bbdefault\u00bb global_colors_info=\u00bb{}\u00bb theme_builder_area=\u00bbpost_content\u00bb][et_pb_text _builder_version=\u00bb4.25.2&#8243; _module_preset=\u00bb123a7df8-1b32-4e6a-afd9-6809ee5c01ce\u00bb header_font=\u00bbPoppins|700||on|||||\u00bb header_2_font=\u00bbPoppins|800||on|||||\u00bb header_2_text_align=\u00bbcenter\u00bb header_2_text_color=\u00bb#CD9830&#8243; header_2_font_size=\u00bb46px\u00bb header_2_line_height=\u00bb0.9em\u00bb max_width=\u00bb54%\u00bb module_alignment=\u00bbcenter\u00bb hover_enabled=\u00bb0&#8243; header_2_text_shadow_style=\u00bbpreset1&#8243; header_2_text_shadow_color=\u00bbrgba(0,0,0,0.16)\u00bb global_colors_info=\u00bb{}\u00bb theme_builder_area=\u00bbpost_content\u00bb sticky_enabled=\u00bb0&#8243;]<\/p>\n<h2>Apoye un \u00c1rea Espec\u00edfica de Christian International<\/h2>\n<p>[\/et_pb_text][\/et_pb_column][\/et_pb_row][et_pb_row column_structure=\u00bb1_2,1_2&#8243; _builder_version=\u00bb4.25.1&#8243; _module_preset=\u00bbdefault\u00bb global_colors_info=\u00bb{}\u00bb theme_builder_area=\u00bbpost_content\u00bb][et_pb_column type=\u00bb1_2&#8243; _builder_version=\u00bb4.25.1&#8243; _module_preset=\u00bbdefault\u00bb background_enable_color=\u00bboff\u00bb use_background_color_gradient=\u00bbon\u00bb background_color_gradient_direction=\u00bb192deg\u00bb background_color_gradient_stops=\u00bbrgba(44,81,183,0.5) 0%|#1640b8 100%\u00bb background_color_gradient_overlays_image=\u00bbon\u00bb background_image=\u00bbhttps:\/\/christianinternational.com\/es\/wp-content\/uploads\/sites\/3\/2024\/07\/donate-scaled-1.jpg\u00bb custom_padding=\u00bb35px||35px||true|false\u00bb border_radii=\u00bbon|20px|20px|20px|20px\u00bb box_shadow_style=\u00bbpreset3&#8243; global_colors_info=\u00bb{}\u00bb theme_builder_area=\u00bbpost_content\u00bb][et_pb_image src=\u00bbhttps:\/\/christianinternational.com\/es\/wp-content\/uploads\/sites\/3\/2024\/07\/APOST_White-1024&#215;114-1.png\u00bb title_text=\u00bbAPOST_White-1024&#215;114-1&#8243; align=\u00bbcenter\u00bb _builder_version=\u00bb4.25.1&#8243; _module_preset=\u00bbdefault\u00bb max_width=\u00bb58%\u00bb global_colors_info=\u00bb{}\u00bb theme_builder_area=\u00bbpost_content\u00bb][\/et_pb_image][et_pb_text _builder_version=\u00bb4.25.2&#8243; _module_preset=\u00bb123a7df8-1b32-4e6a-afd9-6809ee5c01ce\u00bb text_text_color=\u00bb#FFFFFF\u00bb text_orientation=\u00bbcenter\u00bb hover_enabled=\u00bb0&#8243; global_colors_info=\u00bb{}\u00bb theme_builder_area=\u00bbpost_content\u00bb sticky_enabled=\u00bb0&#8243;]<\/p>\n<p>Cumpla su compromiso de membres\u00eda con CIAN aqu\u00ed.<\/p>\n<p>[\/et_pb_text][et_pb_button button_url=\u00bb@ET-DC@eyJkeW5hbWljIjp0cnVlLCJjb250ZW50IjoicG9zdF9saW5rX3VybF9wYWdlIiwic2V0dGluZ3MiOnsicG9zdF9pZCI6IjI1OTUxODYyIn19@\u00bb button_text=\u00bbHaga clic para donar\u00bb button_alignment=\u00bbcenter\u00bb _builder_version=\u00bb4.25.2&#8243; _dynamic_attributes=\u00bbbutton_url\u00bb _module_preset=\u00bbdefault\u00bb custom_button=\u00bbon\u00bb button_text_color=\u00bb#FFFFFF\u00bb button_bg_color=\u00bbRGBA(255,255,255,0)\u00bb button_bg_use_color_gradient=\u00bbon\u00bb button_bg_color_gradient_direction=\u00bb144deg\u00bb button_bg_color_gradient_stops=\u00bb#f2b02b 0%|#cd9830 100%\u00bb button_border_width=\u00bb0px\u00bb button_border_radius=\u00bb54px\u00bb button_icon=\u00bb&#xf4be;||fa||900&#8243; button_icon_color=\u00bb#FFFFFF\u00bb hover_enabled=\u00bb0&#8243; global_colors_info=\u00bb{}\u00bb theme_builder_area=\u00bbpost_content\u00bb sticky_enabled=\u00bb0&#8243;][\/et_pb_button][\/et_pb_column][et_pb_column type=\u00bb1_2&#8243; _builder_version=\u00bb4.25.1&#8243; _module_preset=\u00bbdefault\u00bb background_enable_color=\u00bboff\u00bb use_background_color_gradient=\u00bbon\u00bb background_color_gradient_direction=\u00bb192deg\u00bb background_color_gradient_stops=\u00bbrgba(44,81,183,0.5) 0%|#1640b8 100%\u00bb background_color_gradient_overlays_image=\u00bbon\u00bb background_image=\u00bbhttps:\/\/christianinternational.com\/es\/wp-content\/uploads\/sites\/3\/2024\/07\/donate-scaled-1.jpg\u00bb custom_padding=\u00bb35px||35px||true|false\u00bb border_radii=\u00bbon|20px|20px|20px|20px\u00bb box_shadow_style=\u00bbpreset3&#8243; global_colors_info=\u00bb{}\u00bb theme_builder_area=\u00bbpost_content\u00bb][et_pb_image src=\u00bbhttps:\/\/christianinternational.com\/es\/wp-content\/uploads\/sites\/3\/2024\/07\/GLOBAL_White-1.png\u00bb title_text=\u00bbGLOBAL_White-1&#8243; align=\u00bbcenter\u00bb _builder_version=\u00bb4.25.1&#8243; _module_preset=\u00bbdefault\u00bb max_width=\u00bb58%\u00bb global_colors_info=\u00bb{}\u00bb theme_builder_area=\u00bbpost_content\u00bb][\/et_pb_image][et_pb_text _builder_version=\u00bb4.25.2&#8243; _module_preset=\u00bb123a7df8-1b32-4e6a-afd9-6809ee5c01ce\u00bb text_text_color=\u00bb#FFFFFF\u00bb text_orientation=\u00bbcenter\u00bb hover_enabled=\u00bb0&#8243; global_colors_info=\u00bb{}\u00bb theme_builder_area=\u00bbpost_content\u00bb sticky_enabled=\u00bb0&#8243;]<\/p>\n<p>Cumpla su compromiso de membres\u00eda con CIGN aqu\u00ed.<\/p>\n<p>[\/et_pb_text][et_pb_button button_url=\u00bb@ET-DC@eyJkeW5hbWljIjp0cnVlLCJjb250ZW50IjoicG9zdF9saW5rX3VybF9wYWdlIiwic2V0dGluZ3MiOnsicG9zdF9pZCI6IjI1OTUxODg5In19@\u00bb button_text=\u00bbHaga clic para donar\u00bb button_alignment=\u00bbcenter\u00bb _builder_version=\u00bb4.25.2&#8243; _dynamic_attributes=\u00bbbutton_url\u00bb _module_preset=\u00bbdefault\u00bb custom_button=\u00bbon\u00bb button_text_color=\u00bb#FFFFFF\u00bb button_bg_color=\u00bbRGBA(255,255,255,0)\u00bb button_bg_use_color_gradient=\u00bbon\u00bb button_bg_color_gradient_direction=\u00bb144deg\u00bb button_bg_color_gradient_stops=\u00bb#f2b02b 0%|#cd9830 100%\u00bb button_border_width=\u00bb0px\u00bb button_border_radius=\u00bb54px\u00bb button_icon=\u00bb&#xf4be;||fa||900&#8243; button_icon_color=\u00bb#FFFFFF\u00bb hover_enabled=\u00bb0&#8243; global_colors_info=\u00bb{}\u00bb theme_builder_area=\u00bbpost_content\u00bb sticky_enabled=\u00bb0&#8243;][\/et_pb_button][\/et_pb_column][\/et_pb_row][et_pb_row column_structure=\u00bb1_2,1_2&#8243; _builder_version=\u00bb4.25.1&#8243; _module_preset=\u00bbdefault\u00bb global_colors_info=\u00bb{}\u00bb theme_builder_area=\u00bbpost_content\u00bb][et_pb_column type=\u00bb1_2&#8243; _builder_version=\u00bb4.25.1&#8243; _module_preset=\u00bbdefault\u00bb background_enable_color=\u00bboff\u00bb use_background_color_gradient=\u00bbon\u00bb background_color_gradient_direction=\u00bb192deg\u00bb background_color_gradient_stops=\u00bbrgba(44,81,183,0.5) 0%|#1640b8 100%\u00bb background_color_gradient_overlays_image=\u00bbon\u00bb background_image=\u00bbhttps:\/\/christianinternational.com\/es\/wp-content\/uploads\/sites\/3\/2024\/07\/donate-scaled-1.jpg\u00bb custom_padding=\u00bb35px||35px||true|false\u00bb border_radii=\u00bbon|20px|20px|20px|20px\u00bb box_shadow_style=\u00bbpreset3&#8243; global_colors_info=\u00bb{}\u00bb theme_builder_area=\u00bbpost_content\u00bb][et_pb_image src=\u00bbhttps:\/\/christianinternational.com\/es\/wp-content\/uploads\/sites\/3\/2024\/07\/Vision_White-2.png\u00bb title_text=\u00bbVision_White-2&#8243; align=\u00bbcenter\u00bb _builder_version=\u00bb4.25.1&#8243; _module_preset=\u00bbdefault\u00bb max_width=\u00bb58%\u00bb global_colors_info=\u00bb{}\u00bb theme_builder_area=\u00bbpost_content\u00bb][\/et_pb_image][et_pb_text _builder_version=\u00bb4.25.2&#8243; _module_preset=\u00bb123a7df8-1b32-4e6a-afd9-6809ee5c01ce\u00bb text_text_color=\u00bb#FFFFFF\u00bb text_orientation=\u00bbcenter\u00bb hover_enabled=\u00bb0&#8243; global_colors_info=\u00bb{}\u00bb theme_builder_area=\u00bbpost_content\u00bb sticky_enabled=\u00bb0&#8243;]Apoye nuestra misi\u00f3n con la oportunidad de inversi\u00f3n en la visi\u00f3n.[\/et_pb_text][et_pb_button button_url=\u00bb@ET-DC@eyJkeW5hbWljIjp0cnVlLCJjb250ZW50IjoicG9zdF9saW5rX3VybF9wYWdlIiwic2V0dGluZ3MiOnsicG9zdF9pZCI6IjI1OTUxODk0In19@\u00bb button_text=\u00bbHaga clic para donar\u00bb button_alignment=\u00bbcenter\u00bb _builder_version=\u00bb4.25.2&#8243; _dynamic_attributes=\u00bbbutton_url\u00bb _module_preset=\u00bbdefault\u00bb custom_button=\u00bbon\u00bb button_text_color=\u00bb#FFFFFF\u00bb button_bg_color=\u00bbRGBA(255,255,255,0)\u00bb button_bg_use_color_gradient=\u00bbon\u00bb button_bg_color_gradient_direction=\u00bb144deg\u00bb button_bg_color_gradient_stops=\u00bb#f2b02b 0%|#cd9830 100%\u00bb button_border_width=\u00bb0px\u00bb button_border_radius=\u00bb54px\u00bb button_icon=\u00bb&#xf4be;||fa||900&#8243; button_icon_color=\u00bb#FFFFFF\u00bb hover_enabled=\u00bb0&#8243; global_colors_info=\u00bb{}\u00bb theme_builder_area=\u00bbpost_content\u00bb sticky_enabled=\u00bb0&#8243;][\/et_pb_button][\/et_pb_column][et_pb_column type=\u00bb1_2&#8243; _builder_version=\u00bb4.25.1&#8243; _module_preset=\u00bbdefault\u00bb background_enable_color=\u00bboff\u00bb use_background_color_gradient=\u00bbon\u00bb background_color_gradient_direction=\u00bb192deg\u00bb background_color_gradient_stops=\u00bbrgba(44,81,183,0.5) 0%|#1640b8 100%\u00bb background_color_gradient_overlays_image=\u00bbon\u00bb background_image=\u00bbhttps:\/\/christianinternational.com\/es\/wp-content\/uploads\/sites\/3\/2024\/07\/donate-scaled-1.jpg\u00bb custom_padding=\u00bb35px||35px||true|false\u00bb border_radii=\u00bbon|20px|20px|20px|20px\u00bb box_shadow_style=\u00bbpreset3&#8243; global_colors_info=\u00bb{}\u00bb theme_builder_area=\u00bbpost_content\u00bb][et_pb_image src=\u00bbhttps:\/\/christianinternational.com\/es\/wp-content\/uploads\/sites\/3\/2024\/07\/cimissionslogo.png\u00bb title_text=\u00bbcimissionslogo\u00bb align=\u00bbcenter\u00bb _builder_version=\u00bb4.25.1&#8243; _module_preset=\u00bbdefault\u00bb max_width=\u00bb58%\u00bb hover_enabled=\u00bb0&#8243; global_colors_info=\u00bb{}\u00bb theme_builder_area=\u00bbpost_content\u00bb sticky_enabled=\u00bb0&#8243;][\/et_pb_image][et_pb_text _builder_version=\u00bb4.25.2&#8243; _module_preset=\u00bb123a7df8-1b32-4e6a-afd9-6809ee5c01ce\u00bb text_text_color=\u00bb#FFFFFF\u00bb text_orientation=\u00bbcenter\u00bb hover_enabled=\u00bb0&#8243; global_colors_info=\u00bb{}\u00bb theme_builder_area=\u00bbpost_content\u00bb sticky_enabled=\u00bb0&#8243;]\u00a1Su donaci\u00f3n marca la diferencia en todo el mundo![\/et_pb_text][et_pb_button button_url=\u00bb@ET-DC@eyJkeW5hbWljIjp0cnVlLCJjb250ZW50IjoicG9zdF9saW5rX3VybF9wYWdlIiwic2V0dGluZ3MiOnsicG9zdF9pZCI6IjI1OTUxODk3In19@\u00bb button_text=\u00bbHaga clic para donar\u00bb button_alignment=\u00bbcenter\u00bb _builder_version=\u00bb4.25.2&#8243; _dynamic_attributes=\u00bbbutton_url\u00bb _module_preset=\u00bbdefault\u00bb custom_button=\u00bbon\u00bb button_text_color=\u00bb#FFFFFF\u00bb button_bg_color=\u00bbRGBA(255,255,255,0)\u00bb button_bg_use_color_gradient=\u00bbon\u00bb button_bg_color_gradient_direction=\u00bb144deg\u00bb button_bg_color_gradient_stops=\u00bb#f2b02b 0%|#cd9830 100%\u00bb button_border_width=\u00bb0px\u00bb button_border_radius=\u00bb54px\u00bb button_icon=\u00bb&#xf4be;||fa||900&#8243; button_icon_color=\u00bb#FFFFFF\u00bb hover_enabled=\u00bb0&#8243; global_colors_info=\u00bb{}\u00bb theme_builder_area=\u00bbpost_content\u00bb sticky_enabled=\u00bb0&#8243;][\/et_pb_button][\/et_pb_column][\/et_pb_row][et_pb_row column_structure=\u00bb1_2,1_2&#8243; _builder_version=\u00bb4.25.1&#8243; _module_preset=\u00bbdefault\u00bb global_colors_info=\u00bb{}\u00bb theme_builder_area=\u00bbpost_content\u00bb][et_pb_column type=\u00bb1_2&#8243; _builder_version=\u00bb4.25.1&#8243; _module_preset=\u00bbdefault\u00bb background_enable_color=\u00bboff\u00bb use_background_color_gradient=\u00bbon\u00bb background_color_gradient_direction=\u00bb192deg\u00bb background_color_gradient_stops=\u00bbrgba(44,81,183,0.5) 0%|#1640b8 100%\u00bb background_color_gradient_overlays_image=\u00bbon\u00bb background_image=\u00bbhttps:\/\/christianinternational.com\/es\/wp-content\/uploads\/sites\/3\/2024\/07\/donate-scaled-1.jpg\u00bb custom_padding=\u00bb35px||35px||true|false\u00bb border_radii=\u00bbon|20px|20px|20px|20px\u00bb box_shadow_style=\u00bbpreset3&#8243; global_colors_info=\u00bb{}\u00bb theme_builder_area=\u00bbpost_content\u00bb][et_pb_text _builder_version=\u00bb4.25.2&#8243; _module_preset=\u00bb123a7df8-1b32-4e6a-afd9-6809ee5c01ce\u00bb header_line_height=\u00bb1.8em\u00bb header_2_font=\u00bbPoppins|&#8211;et_global_heading_font_weight||on|||||\u00bb header_2_text_align=\u00bbcenter\u00bb header_2_text_color=\u00bb#FFFFFF\u00bb header_2_letter_spacing=\u00bb2px\u00bb header_2_line_height=\u00bb0.9em\u00bb hover_enabled=\u00bb0&#8243; global_colors_info=\u00bb{}\u00bb theme_builder_area=\u00bbpost_content\u00bb sticky_enabled=\u00bb0&#8243;]<\/p>\n<h2>Haga su promesa hoy.<\/h2>\n<p>[\/et_pb_text][et_pb_text _builder_version=\u00bb4.25.1&#8243; _module_preset=\u00bb123a7df8-1b32-4e6a-afd9-6809ee5c01ce\u00bb text_text_color=\u00bb#FFFFFF\u00bb text_orientation=\u00bbcenter\u00bb custom_margin=\u00bb||25px|||\u00bb global_colors_info=\u00bb{}\u00bb theme_builder_area=\u00bbpost_content\u00bb]<\/p>\n<p>Give Your Pledge Today.<\/p>\n<p>[\/et_pb_text][et_pb_button button_url=\u00bb@ET-DC@eyJkeW5hbWljIjp0cnVlLCJjb250ZW50IjoicG9zdF9saW5rX3VybF9wYWdlIiwic2V0dGluZ3MiOnsicG9zdF9pZCI6IjI1OTUxOTAxIn19@\u00bb button_text=\u00bbHaga clic para donar\u00bb button_alignment=\u00bbcenter\u00bb _builder_version=\u00bb4.25.2&#8243; _dynamic_attributes=\u00bbbutton_url\u00bb _module_preset=\u00bbdefault\u00bb custom_button=\u00bbon\u00bb button_text_color=\u00bb#FFFFFF\u00bb button_bg_color=\u00bbRGBA(255,255,255,0)\u00bb button_bg_use_color_gradient=\u00bbon\u00bb button_bg_color_gradient_direction=\u00bb144deg\u00bb button_bg_color_gradient_stops=\u00bb#f2b02b 0%|#cd9830 100%\u00bb button_border_width=\u00bb0px\u00bb button_border_radius=\u00bb54px\u00bb button_icon=\u00bb&#xf4be;||fa||900&#8243; button_icon_color=\u00bb#FFFFFF\u00bb hover_enabled=\u00bb0&#8243; global_colors_info=\u00bb{}\u00bb theme_builder_area=\u00bbpost_content\u00bb sticky_enabled=\u00bb0&#8243;][\/et_pb_button][\/et_pb_column][et_pb_column type=\u00bb1_2&#8243; _builder_version=\u00bb4.25.1&#8243; _module_preset=\u00bbdefault\u00bb background_enable_color=\u00bboff\u00bb use_background_color_gradient=\u00bbon\u00bb background_color_gradient_direction=\u00bb192deg\u00bb background_color_gradient_stops=\u00bbrgba(44,81,183,0.5) 0%|#1640b8 100%\u00bb background_color_gradient_overlays_image=\u00bbon\u00bb background_image=\u00bbhttps:\/\/christianinternational.com\/es\/wp-content\/uploads\/sites\/3\/2024\/07\/donate-scaled-1.jpg\u00bb custom_padding=\u00bb35px||35px||true|false\u00bb border_radii=\u00bbon|20px|20px|20px|20px\u00bb box_shadow_style=\u00bbpreset3&#8243; global_colors_info=\u00bb{}\u00bb theme_builder_area=\u00bbpost_content\u00bb][et_pb_text _builder_version=\u00bb4.25.2&#8243; _module_preset=\u00bb123a7df8-1b32-4e6a-afd9-6809ee5c01ce\u00bb header_line_height=\u00bb1.8em\u00bb header_2_font=\u00bbPoppins|&#8211;et_global_heading_font_weight||on|||||\u00bb header_2_text_align=\u00bbcenter\u00bb header_2_text_color=\u00bb#FFFFFF\u00bb header_2_letter_spacing=\u00bb2px\u00bb header_2_line_height=\u00bb0.9em\u00bb hover_enabled=\u00bb0&#8243; global_colors_info=\u00bb{}\u00bb theme_builder_area=\u00bbpost_content\u00bb sticky_enabled=\u00bb0&#8243;]<\/p>\n<h2>DONACI\u00d3N DE AMOR<\/h2>\n<p>[\/et_pb_text][et_pb_text _builder_version=\u00bb4.25.2&#8243; _module_preset=\u00bb123a7df8-1b32-4e6a-afd9-6809ee5c01ce\u00bb text_text_color=\u00bb#FFFFFF\u00bb text_orientation=\u00bbcenter\u00bb custom_margin=\u00bb||25px||false|false\u00bb hover_enabled=\u00bb0&#8243; global_colors_info=\u00bb{}\u00bb theme_builder_area=\u00bbpost_content\u00bb sticky_enabled=\u00bb0&#8243;]Haga un regalo de amor y apoye directamente a nuestros l\u00edderes.[\/et_pb_text][et_pb_button button_url=\u00bb@ET-DC@eyJkeW5hbWljIjp0cnVlLCJjb250ZW50IjoicG9zdF9saW5rX3VybF9wYWdlIiwic2V0dGluZ3MiOnsicG9zdF9pZCI6IjI1OTUxOTA1In19@\u00bb button_text=\u00bbHaga clic para donar\u00bb button_alignment=\u00bbcenter\u00bb _builder_version=\u00bb4.25.2&#8243; _dynamic_attributes=\u00bbbutton_url\u00bb _module_preset=\u00bbdefault\u00bb custom_button=\u00bbon\u00bb button_text_color=\u00bb#FFFFFF\u00bb button_bg_color=\u00bbRGBA(255,255,255,0)\u00bb button_bg_use_color_gradient=\u00bbon\u00bb button_bg_color_gradient_direction=\u00bb144deg\u00bb button_bg_color_gradient_stops=\u00bb#f2b02b 0%|#cd9830 100%\u00bb button_border_width=\u00bb0px\u00bb button_border_radius=\u00bb54px\u00bb button_icon=\u00bb&#xf4be;||fa||900&#8243; button_icon_color=\u00bb#FFFFFF\u00bb hover_enabled=\u00bb0&#8243; global_colors_info=\u00bb{}\u00bb theme_builder_area=\u00bbpost_content\u00bb sticky_enabled=\u00bb0&#8243;][\/et_pb_button][\/et_pb_column][\/et_pb_row][\/et_pb_section]<\/p>\n","protected":false},"excerpt":{"rendered":"<p>Apoye un \u00c1rea Espec\u00edfica de Christian InternationalCumpla su compromiso de membres\u00eda con CIAN aqu\u00ed.Cumpla su compromiso de membres\u00eda con CIGN aqu\u00ed.Apoye nuestra misi\u00f3n con la oportunidad de inversi\u00f3n en la [&hellip;]<\/p>\n","protected":false},"author":1,"featured_media":0,"parent":0,"menu_order":0,"comment_status":"closed","ping_status":"closed","template":"","meta":{"_acf_changed":false,"_et_pb_use_builder":"on","_et_pb_old_content":"<!-- wp:divi\/placeholder \/-->","_et_gb_content_width":"","_monsterinsights_skip_tracking":false,"_monsterinsights_sitenote_active":false,"_monsterinsights_sitenote_note":"","_monsterinsights_sitenote_category":0,"footnotes":""},"dipi_cpt_category":[],"class_list":["post-25814050","page","type-page","status-publish","hentry"],"acf":[],"aioseo_notices":[],"_links":{"self":[{"href":"https:\/\/christianinternational.com\/es\/wp-json\/wp\/v2\/pages\/25814050","targetHints":{"allow":["GET"]}}],"collection":[{"href":"https:\/\/christianinternational.com\/es\/wp-json\/wp\/v2\/pages"}],"about":[{"href":"https:\/\/christianinternational.com\/es\/wp-json\/wp\/v2\/types\/page"}],"author":[{"embeddable":true,"href":"https:\/\/christianinternational.com\/es\/wp-json\/wp\/v2\/users\/1"}],"replies":[{"embeddable":true,"href":"https:\/\/christianinternational.com\/es\/wp-json\/wp\/v2\/comments?post=25814050"}],"version-history":[{"count":3,"href":"https:\/\/christianinternational.com\/es\/wp-json\/wp\/v2\/pages\/25814050\/revisions"}],"predecessor-version":[{"id":25952041,"href":"https:\/\/christianinternational.com\/es\/wp-json\/wp\/v2\/pages\/25814050\/revisions\/25952041"}],"wp:attachment":[{"href":"https:\/\/christianinternational.com\/es\/wp-json\/wp\/v2\/media?parent=25814050"}],"wp:term":[{"taxonomy":"dipi_cpt_category","embeddable":true,"href":"https:\/\/christianinternational.com\/es\/wp-json\/wp\/v2\/dipi_cpt_category?post=25814050"}],"curies":[{"name":"wp","href":"https:\/\/api.w.org\/{rel}","templated":true}]}}