{"id":41,"date":"2024-07-01T16:01:15","date_gmt":"2024-07-01T16:01:15","guid":{"rendered":"https:\/\/devsite.christianinternational.com\/es\/?page_id=41"},"modified":"2024-11-06T03:40:12","modified_gmt":"2024-11-06T03:40:12","slug":"nuestra-vision","status":"publish","type":"page","link":"https:\/\/christianinternational.com\/es\/sobre-nosotros\/nuestra-vision\/","title":{"rendered":"Nuestra Visi\u00f3n"},"content":{"rendered":"<p>[et_pb_section fb_built=\u00bb1&#8243; theme_builder_area=\u00bbpost_content\u00bb _builder_version=\u00bb4.27.2&#8243; _module_preset=\u00bbdefault\u00bb da_is_popup=\u00bboff\u00bb da_exit_intent=\u00bboff\u00bb da_has_close=\u00bbon\u00bb da_alt_close=\u00bboff\u00bb da_dark_close=\u00bboff\u00bb da_not_modal=\u00bbon\u00bb da_is_singular=\u00bboff\u00bb da_with_loader=\u00bboff\u00bb da_has_shadow=\u00bbon\u00bb da_disable_devices=\u00bboff|off|off\u00bb][et_pb_row _builder_version=\u00bb4.27.2&#8243; _module_preset=\u00bbdefault\u00bb theme_builder_area=\u00bbpost_content\u00bb][et_pb_column _builder_version=\u00bb4.27.2&#8243; _module_preset=\u00bbdefault\u00bb type=\u00bb4_4&#8243; theme_builder_area=\u00bbpost_content\u00bb][et_pb_text _builder_version=\u00bb4.27.2&#8243; _module_preset=\u00bbdefault\u00bb theme_builder_area=\u00bbpost_content\u00bb hover_enabled=\u00bb0&#8243; sticky_enabled=\u00bb0&#8243;]<\/p>\n<h3><img loading=\"lazy\" decoding=\"async\" src=\"https:\/\/christianinternational.com\/es\/wp-content\/uploads\/sites\/3\/2023\/03\/drtim.png\" width=\"491\" height=\"614\" alt=\"\" class=\"wp-image-25118 alignnone size-full\" style=\"float: left; padding-right: 20px;\" \/>Visi\u00f3n de Christian International:<\/h3>\n<p>ESTABLECER AP\u00d3STOLES Y PROFETAS PARA EQUIPAR A LOS SANTOS A FIN DE TRANSFORMAR EL MUNDO PARA QUE CRISTO REGRESE.<\/p>\n<p>Las visiones crecen y se ampl\u00edan con el tiempo. CI se esfuerza por ser una organizaci\u00f3n guiada por Dios, y la comprensi\u00f3n de nuestra visi\u00f3n corporativa es un proceso de descubrimiento. Seguimos la visi\u00f3n que Dios nos da y nos adaptamos a medida que aparecen nuevas revelaciones.<\/p>\n<p>Cuando CI comenz\u00f3 su trabajo a fines de la d\u00e9cada de 1960, toda su visi\u00f3n era educar a las personas para que hicieran la obra del ministerio. A mediados de los 70, su l\u00edder, el Dr. Bill Hamon, recibi\u00f3 revelaci\u00f3n y experiencia sobre el ministerio prof\u00e9tico. A mediados de la d\u00e9cada de 1980, esta revelaci\u00f3n infundi\u00f3 la organizaci\u00f3n, y la visi\u00f3n de CI se actualiz\u00f3 a \u00abEstablecer profetas para preparar un pueblo y preparar el camino para la venida del Se\u00f1or\u00bb. En la d\u00e9cada de 1990, se recibi\u00f3 una nueva revelaci\u00f3n sobre la necesidad de que los ap\u00f3stoles se asociaran con los profetas, lo que llev\u00f3 a otra actualizaci\u00f3n de la visi\u00f3n a \u00abEstablecer ap\u00f3stoles y profetas para equipar a los santos para la venida del Se\u00f1or.\u00bb<\/p>\n<p>Durante los \u00faltimos 20 a\u00f1os, mientras se desarrollaba toda esta revelaci\u00f3n sobre ap\u00f3stoles y profetas, creci\u00f3 el \u00e9nfasis en el mercado como un aspecto importante de lo que la organizaci\u00f3n estaba haciendo para Dios, lo que llev\u00f3 al establecimiento del ministerio en el mercado para facilitar el equipar a los santos y el ministerio fuera de las estructuras religiosas de la iglesia.<\/p>\n<p>&nbsp;<\/p>\n<p>Ahora, una revelaci\u00f3n m\u00e1s clara est\u00e1 emergiendo. El ministerio del mercado no es solo una salida para que los santos cumplan sus llamados ministeriales, sino que el mercado (o la cultura) es el objetivo de todo el equipamiento, con el prop\u00f3sito de establecer el Reino en la cultura. Esta es la ense\u00f1anza central de lo que se conoce como el mensaje de los \u00ab7 montes\u00bb.<\/p>\n<p>Seg\u00fan Mateo 24:14, la clave para la venida del Se\u00f1or es la predicaci\u00f3n del Evangelio del Reino a las naciones, y los reinos del mundo deben convertirse en el Reino de nuestro Se\u00f1or (Apocalipsis 11:15). Esto significa que los recursos de equipamiento y de mercado deben ser reorientados para impactar a los santos en las iglesias y comunidades locales, ya que son los santos los que influir\u00e1n y cambiar\u00e1n la cultura.<\/p>\n<p>Con esta revelaci\u00f3n, los l\u00edderes de CI sintieron el reto de mejorar la visi\u00f3n y la necesidad de actuar en respuesta a la revelaci\u00f3n que Dios lanz\u00f3 sobre la reforma. Hoy, la visi\u00f3n de CI \u00abEstablecer ap\u00f3stoles y profetas para equipar a los santos a fin de transformar el mundo para que Cristo pueda regresar\u00bb, expresa un enfoque m\u00e1s integrado para equipar a los santos y reformar la cultura; para ser un reformador eficaz, primero hay que ser reformado. Por supuesto, el env\u00edo de profetas y ap\u00f3stoles a las naciones para predicar el Reino continuar\u00e1, pero la visi\u00f3n global es equipar a los santos para establecer el Reino, influyendo en cada cultura para que Cristo regrese.<\/p>\n<p>[\/et_pb_text][\/et_pb_column][\/et_pb_row][\/et_pb_section]<\/p>\n","protected":false},"excerpt":{"rendered":"<p>Visi\u00f3n de Christian International: ESTABLECER AP\u00d3STOLES Y PROFETAS PARA EQUIPAR A LOS SANTOS A FIN DE TRANSFORMAR EL MUNDO PARA QUE CRISTO REGRESE. Las visiones crecen y se ampl\u00edan con [&hellip;]<\/p>\n","protected":false},"author":1,"featured_media":0,"parent":25,"menu_order":0,"comment_status":"closed","ping_status":"closed","template":"","meta":{"_acf_changed":false,"_et_pb_use_builder":"on","_et_pb_old_content":"<!-- wp:divi\/placeholder \/-->","_et_gb_content_width":"","_monsterinsights_skip_tracking":false,"_monsterinsights_sitenote_active":false,"_monsterinsights_sitenote_note":"","_monsterinsights_sitenote_category":0,"footnotes":""},"dipi_cpt_category":[],"class_list":["post-41","page","type-page","status-publish","hentry"],"acf":[],"aioseo_notices":[],"_links":{"self":[{"href":"https:\/\/christianinternational.com\/es\/wp-json\/wp\/v2\/pages\/41","targetHints":{"allow":["GET"]}}],"collection":[{"href":"https:\/\/christianinternational.com\/es\/wp-json\/wp\/v2\/pages"}],"about":[{"href":"https:\/\/christianinternational.com\/es\/wp-json\/wp\/v2\/types\/page"}],"author":[{"embeddable":true,"href":"https:\/\/christianinternational.com\/es\/wp-json\/wp\/v2\/users\/1"}],"replies":[{"embeddable":true,"href":"https:\/\/christianinternational.com\/es\/wp-json\/wp\/v2\/comments?post=41"}],"version-history":[{"count":3,"href":"https:\/\/christianinternational.com\/es\/wp-json\/wp\/v2\/pages\/41\/revisions"}],"predecessor-version":[{"id":25952103,"href":"https:\/\/christianinternational.com\/es\/wp-json\/wp\/v2\/pages\/41\/revisions\/25952103"}],"up":[{"embeddable":true,"href":"https:\/\/christianinternational.com\/es\/wp-json\/wp\/v2\/pages\/25"}],"wp:attachment":[{"href":"https:\/\/christianinternational.com\/es\/wp-json\/wp\/v2\/media?parent=41"}],"wp:term":[{"taxonomy":"dipi_cpt_category","embeddable":true,"href":"https:\/\/christianinternational.com\/es\/wp-json\/wp\/v2\/dipi_cpt_category?post=41"}],"curies":[{"name":"wp","href":"https:\/\/api.w.org\/{rel}","templated":true}]}}