{"id":43,"date":"2024-07-01T16:01:54","date_gmt":"2024-07-01T16:01:54","guid":{"rendered":"https:\/\/devsite.christianinternational.com\/es\/?page_id=43"},"modified":"2024-11-06T01:34:52","modified_gmt":"2024-11-06T01:34:52","slug":"la-historia-del-dr-bill-hamon","status":"publish","type":"page","link":"https:\/\/christianinternational.com\/es\/sobre-nosotros\/la-historia-del-dr-bill-hamon\/","title":{"rendered":"La historia del Dr. Bill Hamon"},"content":{"rendered":"<p>[et_pb_section fb_built=\u00bb1&#8243; admin_label=\u00bbsection\u00bb _builder_version=\u00bb4.16&#8243; _module_preset=\u00bbdefault\u00bb da_disable_devices=\u00bboff|off|off\u00bb global_colors_info=\u00bb{}\u00bb da_is_popup=\u00bboff\u00bb da_exit_intent=\u00bboff\u00bb da_has_close=\u00bbon\u00bb da_alt_close=\u00bboff\u00bb da_dark_close=\u00bboff\u00bb da_not_modal=\u00bbon\u00bb da_is_singular=\u00bboff\u00bb da_with_loader=\u00bboff\u00bb da_has_shadow=\u00bbon\u00bb][et_pb_row admin_label=\u00bbrow\u00bb _builder_version=\u00bb4.16&#8243; _module_preset=\u00bbdefault\u00bb background_size=\u00bbinitial\u00bb background_position=\u00bbtop_left\u00bb background_repeat=\u00bbrepeat\u00bb global_colors_info=\u00bb{}\u00bb][et_pb_column type=\u00bb4_4&#8243; _builder_version=\u00bb4.16&#8243; _module_preset=\u00bbdefault\u00bb custom_padding=\u00bb|||\u00bb global_colors_info=\u00bb{}\u00bb custom_padding__hover=\u00bb|||\u00bb][et_pb_text _builder_version=\u00bb4.27.2&#8243; _module_preset=\u00bbdefault\u00bb hover_enabled=\u00bb0&#8243; global_colors_info=\u00bb{}\u00bb sticky_enabled=\u00bb0&#8243;]<\/p>\n<div style=\"display: flex; align-items: center;\">\n  <!-- Larger Image on the Left --><br \/>\n  <img decoding=\"async\" src=\"https:\/\/christianinternational.com\/es\/wp-content\/uploads\/sites\/3\/2023\/04\/billhamon-e1679618615600.jpg\" alt=\"Dr. Bill Hamon\" style=\"max-width: 600px; margin-right: 20px;\" \/><\/p>\n<p>  <!-- Text on the Right --><\/p>\n<div>\n<h2>DR. BILL HAMON<\/h2>\n<h5><strong>El Dr. Bill Hamon es el fundador de Christian International Ministries. Profeta durante m\u00e1s de 60 a\u00f1os, ha profetizado a m\u00e1s de 75,000 personas y ha brindado capacitaci\u00f3n a m\u00e1s de 500,000 en el ministerio prof\u00e9tico. Ha escrito siete libros principales, especializ\u00e1ndose en la restauraci\u00f3n de la Iglesia y en lo que se puede esperar a continuaci\u00f3n en la agenda de Dios.<\/strong><\/h5>\n<p>El Dr. Bill Hamon es respetado por l\u00edderes de iglesias alrededor del mundo como el l\u00edder principal del compa\u00f1erismo prof\u00e9tico\/apost\u00f3lico que Dios est\u00e1 levantando en estos \u00faltimos d\u00edas. Recientemente, el Dr. Hamon fue destacado por la revista Charisma como una de las 40 personas que cambiaron radicalmente la Iglesia. \u00c9l sirve como obispo a m\u00e1s de 900 ministros e iglesias en los Estados Unidos, as\u00ed como a m\u00e1s de 3,000 ministerios en el extranjero a trav\u00e9s de las sedes de Christian International alrededor del mundo.<\/p>\n<p>El Dr. Hamon reside en Santa Rosa Beach, Florida. Tiene tres hijos, once nietos y veintid\u00f3s bisnietos.<\/p>\n<\/p><\/div>\n<\/div>\n<p>[\/et_pb_text][dipi_timeline _builder_version=\u00bb4.27.2&#8243; _module_preset=\u00bbdefault\u00bb start_position=\u00bbright\u00bb timeline_active_line_color=\u00bb#CD9830&#8243; width=\u00bb80%\u00bb custom_margin=\u00bb150px||||false|false\u00bb hover_enabled=\u00bb0&#8243; sticky_enabled=\u00bb0&#8243; module_alignment=\u00bbcenter\u00bb][dipi_timeline_item _builder_version=\u00bb4.27.2&#8243; _module_preset=\u00bbdefault\u00bb title=\u00bbEL LLAMADO\u00bb ribbon=\u00bb1950&#8243; hover_enabled=\u00bb0&#8243; sticky_enabled=\u00bb0&#8243; admin_label=\u00bb1950&#8243; timeline_icon=\u00bb&#xf111;||fa||900&#8243; background_color=\u00bb#FFFFFF\u00bb background_enable_color=\u00bbon\u00bb timeline_icon_color=\u00bb#CC5A0E\u00bb ribbon_circle_color=\u00bbRGBA(255,255,255,0)\u00bb border_radii=\u00bbon|34px|34px|34px|34px\u00bb border_color_all=\u00bb#FFFFFF\u00bb box_shadow_style=\u00bbpreset1&#8243; custom_card_arrow=\u00bbon\u00bb card_arrow_color=\u00bb#CD9830&#8243; card_arrow_size=\u00bb19px\u00bb border_color_left=\u00bb#CD9830&#8243; border_width_left=\u00bb5px\u00bb header_font=\u00bb&#8211;et_global_heading_font||||||||\u00bb header_font_size=\u00bb18px\u00bb body_font=\u00bb&#8211;et_global_body_font||||||||\u00bb body_font_size=\u00bb15px\u00bb card_padding=\u00bb30px|30px|7px|30px|false|false\u00bb]<\/p>\n<div class=\"wp-block-cp-timeline-content-timeline-block-child swiper-slide\">\n<div class=\"timeline-content icon-false \">\n<div class=\"timeline-block-timeline ctl-row  position-right\">\n<div class=\"ctl-6 timeline-block-detail\">\n<div class=\"story-details\">\n<div class=\"story-content\">\n<div class=\"timeline-block_desc\">\n<p>Despu\u00e9s de la salvaci\u00f3n de Bill Hamon a los 16 a\u00f1os en Boswell, Oklahoma, tuvo un gran deseo de convertirse en ministro para Dios.<\/p>\n<\/div>\n<\/div>\n<\/div>\n<\/div>\n<\/div>\n<\/div>\n<\/div>\n<p>&nbsp;<\/p>\n<p>[\/dipi_timeline_item][dipi_timeline_item _builder_version=\u00bb4.27.2&#8243; _module_preset=\u00bbdefault\u00bb ribbon=\u00bb1954&#8243; title=\u00bbColegio B\u00edblico\u00bb sticky_enabled=\u00bb0&#8243; admin_label=\u00bb1954&#8243; background_color=\u00bb#FFFFFF\u00bb background_enable_color=\u00bbon\u00bb timeline_icon_color=\u00bb#CC5A0E\u00bb ribbon_circle_color=\u00bbRGBA(255,255,255,0)\u00bb border_radii=\u00bbon|34px|34px|34px|34px\u00bb border_color_all=\u00bb#FFFFFF\u00bb box_shadow_style=\u00bbpreset1&#8243; custom_card_arrow=\u00bbon\u00bb card_arrow_color=\u00bb#CD9830&#8243; card_arrow_size=\u00bb19px\u00bb border_color_left=\u00bb#CD9830&#8243; header_font=\u00bb&#8211;et_global_heading_font||||||||\u00bb header_font_size=\u00bb18px\u00bb body_font=\u00bb&#8211;et_global_body_font||||||||\u00bb body_font_size=\u00bb15px\u00bb card_padding=\u00bb30px|30px|7px|30px|false|false\u00bb global_colors_info=\u00bb{}\u00bb hover_enabled=\u00bb0&#8243; border_color_right=\u00bb#CD9830&#8243; border_width_right=\u00bb5px\u00bb]<\/p>\n<div class=\"wp-block-cp-timeline-content-timeline-block-child swiper-slide\">\n<div class=\"timeline-content icon-false \">\n<div class=\"timeline-block-timeline ctl-row  position-left\">\n<div class=\"ctl-6 timeline-block-detail\">\n<div class=\"story-details\">\n<div class=\"story-content\">\n<div class=\"timeline-block_desc\">\n<p>Asisti\u00f3 a un Colegio B\u00edblico en Portland, Oregon, y se convirti\u00f3 en pastor de una peque\u00f1a iglesia en el estado de Washington en 1954, a la edad de 19 a\u00f1os.<\/p>\n<\/div>\n<\/div>\n<\/div>\n<\/div>\n<\/div>\n<\/div>\n<\/div>\n<p>&nbsp;<\/p>\n<p>[\/dipi_timeline_item][dipi_timeline_item _builder_version=\u00bb4.27.2&#8243; _module_preset=\u00bbdefault\u00bb ribbon=\u00bb1964&#8243; title=\u00bbSan Antonio, Texas\u00bb hover_enabled=\u00bb0&#8243; sticky_enabled=\u00bb0&#8243; admin_label=\u00bb1964&#8243; title_text=\u00bbNoPath-Copy-5-gigapixel-art-scale-4_00x\u00bb image=\u00bbhttps:\/\/christianinternational.com\/es\/wp-content\/uploads\/sites\/3\/2024\/11\/NoPath-Copy-5-gigapixel-art-scale-4_00x.jpg\u00bb global_colors_info=\u00bb{}\u00bb background_color=\u00bb#FFFFFF\u00bb background_enable_color=\u00bbon\u00bb timeline_icon_color=\u00bb#CC5A0E\u00bb ribbon_circle_color=\u00bbRGBA(255,255,255,0)\u00bb custom_card_arrow=\u00bbon\u00bb card_arrow_size=\u00bb19px\u00bb card_arrow_color=\u00bb#CD9830&#8243; card_padding=\u00bb30px|30px|7px|30px|false|false\u00bb header_font=\u00bb&#8211;et_global_heading_font||||||||\u00bb header_font_size=\u00bb18px\u00bb body_font=\u00bb&#8211;et_global_body_font||||||||\u00bb body_font_size=\u00bb15px\u00bb border_radii=\u00bbon|34px|34px|34px|34px\u00bb border_color_all=\u00bb#FFFFFF\u00bb border_width_left=\u00bb5px\u00bb border_color_left=\u00bb#CD9830&#8243; box_shadow_style=\u00bbpreset1&#8243;]<\/p>\n<div class=\"wp-block-cp-timeline-content-timeline-block-child swiper-slide\">\n<div class=\"timeline-content icon-false \">\n<div class=\"timeline-block-timeline ctl-row  position-right\">\n<div class=\"ctl-6 timeline-block-detail\">\n<div class=\"story-details\">\n<div class=\"story-content\">\n<div class=\"timeline-block_desc\">\n<p>En 1964, Bill, su esposa Evelyn y sus tres hijos peque\u00f1os se mudaron a San Antonio, Texas, donde a Bill se le pidi\u00f3 que fuera profesor en un colegio b\u00edblico.<\/p>\n<\/div>\n<\/div>\n<\/div>\n<\/div>\n<\/div>\n<\/div>\n<\/div>\n<p>&nbsp;<\/p>\n<p>[\/dipi_timeline_item][dipi_timeline_item _builder_version=\u00bb4.27.2&#8243; _module_preset=\u00bbdefault\u00bb ribbon=\u00bb1967&#8243; title=\u00bbEL COMIENZO\u00bb sticky_enabled=\u00bb0&#8243; admin_label=\u00bb1967&#8243; global_colors_info=\u00bb{}\u00bb background_color=\u00bb#FFFFFF\u00bb background_enable_color=\u00bbon\u00bb timeline_icon_color=\u00bb#CC5A0E\u00bb ribbon_circle_color=\u00bbRGBA(255,255,255,0)\u00bb custom_card_arrow=\u00bbon\u00bb card_arrow_size=\u00bb19px\u00bb card_arrow_color=\u00bb#CD9830&#8243; card_padding=\u00bb30px|30px|7px|30px|false|false\u00bb header_font=\u00bb&#8211;et_global_heading_font||||||||\u00bb header_font_size=\u00bb18px\u00bb body_font=\u00bb&#8211;et_global_body_font||||||||\u00bb body_font_size=\u00bb15px\u00bb border_radii=\u00bbon|34px|34px|34px|34px\u00bb border_color_all=\u00bb#FFFFFF\u00bb border_color_left=\u00bb#CD9830&#8243; box_shadow_style=\u00bbpreset1&#8243; border_color_right=\u00bb#CD9830&#8243; border_width_right=\u00bb5px\u00bb hover_enabled=\u00bb0&#8243;]<\/p>\n<p>Este a\u00f1o marca un emocionante nuevo comienzo para Christian International, mientras se embarca en una misi\u00f3n para inspirar y capacitar a creyentes en todo el mundo. A medida que la organizaci\u00f3n florezca en los pr\u00f3ximos a\u00f1os, establecer\u00e1 cientos de Extensiones de CI en iglesias locales de todo el mundo, fomentando el crecimiento espiritual y la unidad entre comunidades diversas. A trav\u00e9s del Colegio B\u00edblico CI Off-Campus, miles de estudiantes apasionados emprender\u00e1n viajes transformadores, profundizando su fe y expandiendo su conocimiento. Juntos, forjar\u00e1n un legado din\u00e1mico y de gran alcance, dando forma al futuro del cristianismo e impactando vidas para las generaciones venideras.<\/p>\n<p>[\/dipi_timeline_item][dipi_timeline_item _builder_version=\u00bb4.27.2&#8243; _module_preset=\u00bbdefault\u00bb ribbon=\u00bb1967&#8243; admin_label=\u00bb1967&#8243; title_text=\u00bbNoPath-Copy-7-gigapixel-standard-scale-2_00x\u00bb image=\u00bbhttps:\/\/christianinternational.com\/es\/wp-content\/uploads\/sites\/3\/2024\/11\/NoPath-Copy-7-gigapixel-standard-scale-2_00x.jpg\u00bb title=\u00bbEscuela de Teolog\u00eda\u00bb hover_enabled=\u00bb0&#8243; sticky_enabled=\u00bb0&#8243; global_colors_info=\u00bb{}\u00bb background_color=\u00bb#FFFFFF\u00bb background_enable_color=\u00bbon\u00bb timeline_icon_color=\u00bb#CC5A0E\u00bb ribbon_circle_color=\u00bbRGBA(255,255,255,0)\u00bb custom_card_arrow=\u00bbon\u00bb card_arrow_size=\u00bb19px\u00bb card_arrow_color=\u00bb#CD9830&#8243; card_padding=\u00bb30px|30px|7px|30px|false|false\u00bb header_font=\u00bb&#8211;et_global_heading_font||||||||\u00bb header_font_size=\u00bb18px\u00bb body_font=\u00bb&#8211;et_global_body_font||||||||\u00bb body_font_size=\u00bb15px\u00bb border_radii=\u00bbon|34px|34px|34px|34px\u00bb border_color_all=\u00bb#FFFFFF\u00bb border_width_left=\u00bb5px\u00bb border_color_left=\u00bb#CD9830&#8243; box_shadow_style=\u00bbpreset1&#8243;]<\/p>\n<div class=\"wp-block-cp-timeline-content-timeline-block-child swiper-slide\">\n<div class=\"timeline-content icon-false \">\n<div class=\"timeline-block-timeline ctl-row  position-right\">\n<div class=\"ctl-6 timeline-block-detail\">\n<div class=\"story-details\">\n<div class=\"story-content\">\n<div class=\"timeline-block_desc\">\n<p>El Dr. Bill Hamon funda la Escuela de Teolog\u00eda de Christian International.<\/p>\n<\/div>\n<\/div>\n<\/div>\n<\/div>\n<\/div>\n<\/div>\n<\/div>\n<p>&nbsp;<\/p>\n<p>[\/dipi_timeline_item][dipi_timeline_item _builder_version=\u00bb4.27.2&#8243; _module_preset=\u00bbdefault\u00bb ribbon=\u00bb1970&#8243; admin_label=\u00bb1970&#8243; title=\u00bb1970&#8243; sticky_enabled=\u00bb0&#8243; global_colors_info=\u00bb{}\u00bb background_color=\u00bb#FFFFFF\u00bb background_enable_color=\u00bbon\u00bb timeline_icon_color=\u00bb#CC5A0E\u00bb ribbon_circle_color=\u00bbRGBA(255,255,255,0)\u00bb custom_card_arrow=\u00bbon\u00bb card_arrow_size=\u00bb19px\u00bb card_arrow_color=\u00bb#CD9830&#8243; card_padding=\u00bb30px|30px|7px|30px|false|false\u00bb header_font=\u00bb&#8211;et_global_heading_font||||||||\u00bb header_font_size=\u00bb18px\u00bb body_font=\u00bb&#8211;et_global_body_font||||||||\u00bb body_font_size=\u00bb15px\u00bb border_radii=\u00bbon|34px|34px|34px|34px\u00bb border_color_all=\u00bb#FFFFFF\u00bb border_color_left=\u00bb#CD9830&#8243; box_shadow_style=\u00bbpreset1&#8243; border_color_right=\u00bb#CD9830&#8243; border_width_right=\u00bb5px\u00bb hover_enabled=\u00bb0&#8243;]<\/p>\n<div class=\"wp-block-cp-timeline-content-timeline-block-child swiper-slide\">\n<div class=\"timeline-content icon-false \">\n<div class=\"timeline-block-timeline ctl-row  position-left\">\n<div class=\"ctl-6 timeline-block-detail\">\n<div class=\"story-details\">\n<div class=\"story-content\">\n<div class=\"timeline-block_desc\">\n<p>Se establecieron los primeros Colegios de Extensi\u00f3n de CI.<\/p>\n<\/div>\n<\/div>\n<\/div>\n<\/div>\n<\/div>\n<\/div>\n<\/div>\n<p>&nbsp;<\/p>\n<p>[\/dipi_timeline_item][dipi_timeline_item _builder_version=\u00bb4.27.2&#8243; _module_preset=\u00bbdefault\u00bb ribbon=\u00bb1979&#8243; admin_label=\u00bb1979&#8243; title=\u00bbLos desaf\u00edos de Dios\u00bb hover_enabled=\u00bb0&#8243; sticky_enabled=\u00bb0&#8243; global_colors_info=\u00bb{}\u00bb background_color=\u00bb#FFFFFF\u00bb background_enable_color=\u00bbon\u00bb timeline_icon_color=\u00bb#CC5A0E\u00bb ribbon_circle_color=\u00bbRGBA(255,255,255,0)\u00bb custom_card_arrow=\u00bbon\u00bb card_arrow_size=\u00bb19px\u00bb card_arrow_color=\u00bb#CD9830&#8243; card_padding=\u00bb30px|30px|7px|30px|false|false\u00bb header_font=\u00bb&#8211;et_global_heading_font||||||||\u00bb header_font_size=\u00bb18px\u00bb body_font=\u00bb&#8211;et_global_body_font||||||||\u00bb body_font_size=\u00bb15px\u00bb border_radii=\u00bbon|34px|34px|34px|34px\u00bb border_color_all=\u00bb#FFFFFF\u00bb border_width_left=\u00bb5px\u00bb border_color_left=\u00bb#CD9830&#8243; box_shadow_style=\u00bbpreset1&#8243;]<\/p>\n<div class=\"wp-block-cp-timeline-content-timeline-block-child swiper-slide\">\n<div class=\"timeline-content icon-false \">\n<div class=\"timeline-block-timeline ctl-row  position-right\">\n<div class=\"ctl-6 timeline-block-detail\">\n<div class=\"story-details\">\n<div class=\"story-content\">\n<div class=\"timeline-block_desc\">\n<p>Dios desaf\u00eda al Dr. Hamon a iniciar reuniones semanales de la \u00abEscuela del Esp\u00edritu Santo\u00bb. Esta \u00abescuela\u00bb sirvi\u00f3 como un ministerio de ense\u00f1anza para capacitar y activar a las personas en los dones del Esp\u00edritu Santo. Con el tiempo, se realizaron conferencias y seminarios especiales, enfocados en ense\u00f1ar los Dones del Esp\u00edritu Santo, a lo largo del a\u00f1o en instalaciones cercanas de hoteles\/resorts para satisfacer la demanda de inscripciones.<\/p>\n<\/div>\n<\/div>\n<\/div>\n<\/div>\n<\/div>\n<\/div>\n<\/div>\n<p>&nbsp;<\/p>\n<p>[\/dipi_timeline_item][dipi_timeline_item _builder_version=\u00bb4.27.2&#8243; _module_preset=\u00bbdefault\u00bb ribbon=\u00bb1980&#8243; admin_label=\u00bb1980&#8243; title=\u00bbChristian International lanza CIMA, uniendo a ministros a nivel mundial.\u00bb hover_enabled=\u00bb0&#8243; sticky_enabled=\u00bb0&#8243; global_colors_info=\u00bb{}\u00bb background_color=\u00bb#FFFFFF\u00bb background_enable_color=\u00bbon\u00bb timeline_icon_color=\u00bb#CC5A0E\u00bb ribbon_circle_color=\u00bbRGBA(255,255,255,0)\u00bb custom_card_arrow=\u00bbon\u00bb card_arrow_size=\u00bb19px\u00bb card_arrow_color=\u00bb#CD9830&#8243; card_padding=\u00bb30px|30px|7px|30px|false|false\u00bb header_font=\u00bb&#8211;et_global_heading_font||||||||\u00bb header_font_size=\u00bb18px\u00bb body_font=\u00bb&#8211;et_global_body_font||||||||\u00bb body_font_size=\u00bb15px\u00bb border_radii=\u00bbon|34px|34px|34px|34px\u00bb border_color_all=\u00bb#FFFFFF\u00bb border_color_left=\u00bb#CD9830&#8243; box_shadow_style=\u00bbpreset1&#8243; border_width_right=\u00bb5px\u00bb border_color_right=\u00bb#CD9830&#8243;]<\/p>\n<div class=\"wp-block-cp-timeline-content-timeline-block-child swiper-slide\">\n<div class=\"timeline-content icon-false \">\n<div class=\"timeline-block-timeline ctl-row  position-left\">\n<div class=\"ctl-6 timeline-block-detail\">\n<div class=\"story-details\">\n<div class=\"story-content\">\n<div class=\"timeline-block_desc\">\n<p>Christian International forma su primera asociaci\u00f3n ministerial, la Asociaci\u00f3n Ministerial Christian International (CIMA).<\/p>\n<\/div>\n<\/div>\n<\/div>\n<\/div>\n<\/div>\n<\/div>\n<\/div>\n<p>&nbsp;<\/p>\n<p>[\/dipi_timeline_item][dipi_timeline_item _builder_version=\u00bb4.27.2&#8243; _module_preset=\u00bbdefault\u00bb ribbon=\u00bb1983&#8243; admin_label=\u00bb1983&#8243; title=\u00bbCompa\u00f1\u00eda de profetas\u00bb hover_enabled=\u00bb0&#8243; sticky_enabled=\u00bb0&#8243; global_colors_info=\u00bb{}\u00bb background_color=\u00bb#FFFFFF\u00bb background_enable_color=\u00bbon\u00bb timeline_icon_color=\u00bb#CC5A0E\u00bb ribbon_circle_color=\u00bbRGBA(255,255,255,0)\u00bb custom_card_arrow=\u00bbon\u00bb card_arrow_size=\u00bb19px\u00bb card_arrow_color=\u00bb#CD9830&#8243; card_padding=\u00bb30px|30px|7px|30px|false|false\u00bb header_font=\u00bb&#8211;et_global_heading_font||||||||\u00bb header_font_size=\u00bb18px\u00bb body_font=\u00bb&#8211;et_global_body_font||||||||\u00bb body_font_size=\u00bb15px\u00bb border_radii=\u00bbon|34px|34px|34px|34px\u00bb border_color_all=\u00bb#FFFFFF\u00bb border_width_left=\u00bb5px\u00bb border_color_left=\u00bb#CD9830&#8243; box_shadow_style=\u00bbpreset1&#8243;]<\/p>\n<div class=\"wp-block-cp-timeline-content-timeline-block-child swiper-slide\">\n<div class=\"timeline-content icon-false \">\n<div class=\"timeline-block-timeline ctl-row  position-right\">\n<div class=\"ctl-6 timeline-block-detail\">\n<div class=\"story-details\">\n<div class=\"story-content\">\n<div class=\"timeline-block_desc\">\n<p>El Dr. Bill Hamon recibi\u00f3 la revelaci\u00f3n de que Dios iba a levantar un gran grupo de profetas en los \u00faltimos tiempos para restaurar los ministerios del profeta y el ap\u00f3stol. Escribi\u00f3 el primero de una serie de tres libros sobre los profetas y el ministerio prof\u00e9tico. Dios comenz\u00f3 a darle al Dr. Hamon tanto una visi\u00f3n como una carga para convocar, activar y madurar ese gran grupo de profetas. CIMA fue cambiada a la Red Internacional Cristiana de Ministerios Prof\u00e9ticos (CI NPM) con el prop\u00f3sito de cumplir esa visi\u00f3n. CI NPM creci\u00f3 a nivel nacional con decenas de ministros e iglesias. Cientos de profetas y ministros prof\u00e9ticos fueron convocados y activados en el ministerio prof\u00e9tico.<\/p>\n<\/div>\n<\/div>\n<\/div>\n<\/div>\n<\/div>\n<\/div>\n<\/div>\n<p>&nbsp;<\/p>\n<p>[\/dipi_timeline_item][dipi_timeline_item _builder_version=\u00bb4.27.2&#8243; _module_preset=\u00bbdefault\u00bb ribbon=\u00bb1988&#8243; admin_label=\u00bb1988&#8243; title=\u00bbSurge el Movimiento Prof\u00e9tico.\u00bb hover_enabled=\u00bb0&#8243; sticky_enabled=\u00bb0&#8243; global_colors_info=\u00bb{}\u00bb background_color=\u00bb#FFFFFF\u00bb background_enable_color=\u00bbon\u00bb timeline_icon_color=\u00bb#CC5A0E\u00bb ribbon_circle_color=\u00bbRGBA(255,255,255,0)\u00bb custom_card_arrow=\u00bbon\u00bb card_arrow_size=\u00bb19px\u00bb card_arrow_color=\u00bb#CD9830&#8243; card_padding=\u00bb30px|30px|7px|30px|false|false\u00bb header_font=\u00bb&#8211;et_global_heading_font||||||||\u00bb header_font_size=\u00bb18px\u00bb body_font=\u00bb&#8211;et_global_body_font||||||||\u00bb body_font_size=\u00bb15px\u00bb border_radii=\u00bbon|34px|34px|34px|34px\u00bb border_color_all=\u00bb#FFFFFF\u00bb border_color_left=\u00bb#CD9830&#8243; box_shadow_style=\u00bbpreset1&#8243; border_width_right=\u00bb5px\u00bb border_color_right=\u00bb#CD9830&#8243;]<\/p>\n<div class=\"wp-block-cp-timeline-content-timeline-block-child swiper-slide\">\n<div class=\"timeline-content icon-false \">\n<div class=\"timeline-block-timeline ctl-row  position-left\">\n<div class=\"ctl-6 timeline-block-detail\">\n<div class=\"story-details\">\n<div class=\"story-content\">\n<div class=\"timeline-block_desc\">\n<p>El Se\u00f1or se manifiesta sobre el Dr. Bill Hamon durante la conferencia de la Reuni\u00f3n Internacional de Ap\u00f3stoles y Profetas, y \u00e9l comienza a tener dolores de parto. El Dr. Hamon sabe que est\u00e1 experimentando \u00abdolores de parto\u00bb y esa noche nace y se restaura el Movimiento Prof\u00e9tico en el Cuerpo de Cristo.<\/p>\n<\/div>\n<\/div>\n<\/div>\n<\/div>\n<\/div>\n<\/div>\n<\/div>\n<p>&nbsp;<\/p>\n<p>[\/dipi_timeline_item][dipi_timeline_item _builder_version=\u00bb4.27.2&#8243; _module_preset=\u00bbdefault\u00bb ribbon=\u00bb1991&#8243; admin_label=\u00bb1991&#8243; title=\u00bbEl Movimiento Apost\u00f3lico.\u00bb hover_enabled=\u00bb0&#8243; sticky_enabled=\u00bb0&#8243; global_colors_info=\u00bb{}\u00bb background_color=\u00bb#FFFFFF\u00bb background_enable_color=\u00bbon\u00bb timeline_icon_color=\u00bb#CC5A0E\u00bb ribbon_circle_color=\u00bbRGBA(255,255,255,0)\u00bb custom_card_arrow=\u00bbon\u00bb card_arrow_size=\u00bb19px\u00bb card_arrow_color=\u00bb#CD9830&#8243; card_padding=\u00bb30px|30px|7px|30px|false|false\u00bb header_font=\u00bb&#8211;et_global_heading_font||||||||\u00bb header_font_size=\u00bb18px\u00bb body_font=\u00bb&#8211;et_global_body_font||||||||\u00bb body_font_size=\u00bb15px\u00bb border_radii=\u00bbon|34px|34px|34px|34px\u00bb border_color_all=\u00bb#FFFFFF\u00bb border_width_left=\u00bb5px\u00bb border_color_left=\u00bb#CD9830&#8243; box_shadow_style=\u00bbpreset1&#8243;]<\/p>\n<div class=\"wp-block-cp-timeline-content-timeline-block-child swiper-slide\">\n<div class=\"timeline-content icon-false \">\n<div class=\"timeline-block-timeline ctl-row  position-right\">\n<div class=\"ctl-6 timeline-block-detail\">\n<div class=\"story-details\">\n<div class=\"story-content\">\n<div class=\"timeline-block_desc\">\n<p>Los ap\u00f3stoles comienzan a ser reconocidos, junto con los profetas, como ministerios fundamentales de la Iglesia. El Movimiento Apost\u00f3lico se encuentra en sus etapas embrionarias.<\/p>\n<\/div>\n<\/div>\n<\/div>\n<\/div>\n<\/div>\n<\/div>\n<\/div>\n<p>&nbsp;<\/p>\n<p>[\/dipi_timeline_item][dipi_timeline_item _builder_version=\u00bb4.27.2&#8243; _module_preset=\u00bbdefault\u00bb ribbon=\u00bb1992&#8243; title=\u00bbRed Apost\u00f3lica Internacional Cristiana.\u00bb admin_label=\u00bb1992&#8243; hover_enabled=\u00bb0&#8243; sticky_enabled=\u00bb0&#8243; global_colors_info=\u00bb{}\u00bb background_color=\u00bb#FFFFFF\u00bb background_enable_color=\u00bbon\u00bb timeline_icon_color=\u00bb#CC5A0E\u00bb ribbon_circle_color=\u00bbRGBA(255,255,255,0)\u00bb custom_card_arrow=\u00bbon\u00bb card_arrow_size=\u00bb19px\u00bb card_arrow_color=\u00bb#CD9830&#8243; card_padding=\u00bb30px|30px|7px|30px|false|false\u00bb header_font=\u00bb&#8211;et_global_heading_font||||||||\u00bb header_font_size=\u00bb18px\u00bb body_font=\u00bb&#8211;et_global_body_font||||||||\u00bb body_font_size=\u00bb15px\u00bb border_radii=\u00bbon|34px|34px|34px|34px\u00bb border_color_all=\u00bb#FFFFFF\u00bb border_color_left=\u00bb#CD9830&#8243; box_shadow_style=\u00bbpreset1&#8243; border_width_right=\u00bb5px\u00bb border_color_right=\u00bb#CD9830&#8243;]<\/p>\n<p>Con el nacimiento de lo Apost\u00f3lico, comienza a surgir un fuerte deseo de comprender la supervisi\u00f3n y la responsabilidad. La conexi\u00f3n en red de ministros e iglesias para establecer relaciones, supervisi\u00f3n y responsabilidad agregar\u00e1 una nueva dimensi\u00f3n de cobertura para aquellos que est\u00e1n relacionados con CI NPM. Se forma la Red Apost\u00f3lica Internacional Cristiana (CIAN) para satisfacer esa necesidad.<\/p>\n<p>[\/dipi_timeline_item][\/dipi_timeline][\/et_pb_column][\/et_pb_row][\/et_pb_section]<\/p>\n","protected":false},"excerpt":{"rendered":"<p>DR. BILL HAMON El Dr. Bill Hamon es el fundador de Christian International Ministries. Profeta durante m\u00e1s de 60 a\u00f1os, ha profetizado a m\u00e1s de 75,000 personas y ha brindado [&hellip;]<\/p>\n","protected":false},"author":1,"featured_media":0,"parent":25,"menu_order":0,"comment_status":"closed","ping_status":"closed","template":"","meta":{"_acf_changed":false,"_et_pb_use_builder":"on","_et_pb_old_content":"<!-- wp:divi\/placeholder \/-->","_et_gb_content_width":"","_monsterinsights_skip_tracking":false,"_monsterinsights_sitenote_active":false,"_monsterinsights_sitenote_note":"","_monsterinsights_sitenote_category":0,"footnotes":""},"dipi_cpt_category":[],"class_list":["post-43","page","type-page","status-publish","hentry"],"acf":[],"aioseo_notices":[],"_links":{"self":[{"href":"https:\/\/christianinternational.com\/es\/wp-json\/wp\/v2\/pages\/43","targetHints":{"allow":["GET"]}}],"collection":[{"href":"https:\/\/christianinternational.com\/es\/wp-json\/wp\/v2\/pages"}],"about":[{"href":"https:\/\/christianinternational.com\/es\/wp-json\/wp\/v2\/types\/page"}],"author":[{"embeddable":true,"href":"https:\/\/christianinternational.com\/es\/wp-json\/wp\/v2\/users\/1"}],"replies":[{"embeddable":true,"href":"https:\/\/christianinternational.com\/es\/wp-json\/wp\/v2\/comments?post=43"}],"version-history":[{"count":5,"href":"https:\/\/christianinternational.com\/es\/wp-json\/wp\/v2\/pages\/43\/revisions"}],"predecessor-version":[{"id":25952085,"href":"https:\/\/christianinternational.com\/es\/wp-json\/wp\/v2\/pages\/43\/revisions\/25952085"}],"up":[{"embeddable":true,"href":"https:\/\/christianinternational.com\/es\/wp-json\/wp\/v2\/pages\/25"}],"wp:attachment":[{"href":"https:\/\/christianinternational.com\/es\/wp-json\/wp\/v2\/media?parent=43"}],"wp:term":[{"taxonomy":"dipi_cpt_category","embeddable":true,"href":"https:\/\/christianinternational.com\/es\/wp-json\/wp\/v2\/dipi_cpt_category?post=43"}],"curies":[{"name":"wp","href":"https:\/\/api.w.org\/{rel}","templated":true}]}}